{"id":48530,"date":"2025-07-24T23:10:22","date_gmt":"2025-07-24T14:10:22","guid":{"rendered":"https:\/\/eatsjapan.com\/?post_type=product&#038;p=48530"},"modified":"2026-05-03T19:49:19","modified_gmt":"2026-05-03T10:49:19","slug":"sacred-jewel-beetle-magnet-set","status":"publish","type":"product","link":"https:\/\/eatsjapan.com\/zh-tw\/products\/sacred-jewel-beetle-magnet-set\/","title":{"rendered":"\u8056\u5bf6\u7532\u87f2\u78c1\u77f3\u5957\u88dd"},"content":{"rendered":"<h4>\u8acb\u6ce8\u610f<\/h4>\n<p>\u88e1\u9762\u7684\u7269\u54c1\u662f\u96a8\u6a5f\u7684\uff0c\u60a8\u6c38\u9060\u4e0d\u77e5\u9053\u60a8\u6703\u5f97\u5230\u54ea\u4e00\u7a2e\uff0c\u9019\u70ba\u60a8\u7684\u8cfc\u7269\u589e\u6dfb\u4e86\u9a5a\u559c\u7684\u6a02\u8da3\uff01<br \/>\n\u5982\u679c\u60a8\u6536\u5230\u8907\u88fd\u54c1\uff0c\u5b83\u53ef\u4ee5\u4f5c\u70ba\u9001\u7d66\u7279\u5225\u7684\u4eba\u7684\u5b8c\u7f8e\u5c0f\u79ae\u7269\u3002.<\/p>\n<p>\u65e5\u672c Gashapon \u8ff7\u4f60\u73a9\u5177\u662f\u5b8c\u7f8e\u7684\u6536\u85cf\u54c1\uff0c\u6bcf\u9846\u81a0\u56ca\u90fd\u80fd\u5e36\u4f86\u7368\u4e00\u7121\u4e8c\u7684\u9a5a\u559c\u3002.<br \/>\n\u4e0d\u904e\uff0c\u8acb\u6ce8\u610f\u5167\u5bb9\u662f\u96a8\u6a5f\u62bd\u53d6\u7684\u3002.<br \/>\n\u7121\u8ad6\u60a8\u662f\u6536\u85cf\u5bb6\u6216\u53ea\u662f\u65e5\u672c\u81a0\u56ca\u73a9\u5177\u7684\u7c89\u7d72\uff0c\u9019\u5957\u7522\u54c1\u4e00\u5b9a\u6703\u8b93\u60a8\u5927\u958b\u773c\u754c\u3002.<br \/>\n\u4f55\u5fc5\u7b49\u5f85\uff1f\u4eca\u5929\u5c31\u70ba\u60a8\u7684\u6536\u85cf\u589e\u6dfb\u4e00\u62b9\u65e5\u5f0f\u9b45\u529b\uff01<\/p>","protected":false},"excerpt":{"rendered":"<h2>\u201c\u795e\u8056\u6606\u87f2\u300d\u78c1\u6027\u6a19\u672c - \u60a8\u53ef\u4ee5\u63e1\u4f4f\u7684\u7f8e\u9e97<\/h2>\n<p>\u4e4d\u770b\u4e4b\u4e0b\uff0c\u5b83\u5011\u5c31\u50cf\u771f\u6b63\u7684\u535a\u7269\u9928\u6a19\u672c\u3002.<br \/>\n\u4f46\u9019\u4e9b\u53ef\u4e0d\u662f\u666e\u901a\u7684\u87f2\u5b50\uff0c\u5b83\u5011\u662f\u50b3\u5947\u7684\u65e5\u672c\u7532\u87f2\uff0c\u9748\u611f\u4f86\u81ea\u5fb7\u570b\u6606\u87f2\u5b78\u7bb1\uff0c\u5728\u5df4\u638c\u5927\u5c0f\u7684\u5c55\u54c1\u4e2d\u6c38\u5782\u4e0d\u673d\u3002.<br \/>\n\u6bcf\u7a2e\u8272\u5f69\u7e7d\u7d1b\u7684\u6606\u87f2\uff0c\u5f9e\u53e4\u4ee3\u65ed\u65e5\u795e\u8056\u7684 Tama-mushi \u5230\u570b\u5bf6 Ch\u016bsh\u016b-j\u016b \u7532\u87f2\uff0c\u90fd\u662f\u6c38\u6046\u4e4b\u7f8e\u3001\u795e\u79d8\u4e3b\u7fa9\u8207\u5de5\u85dd\u7684\u8c61\u5fb5\u3002.<br \/>\n\u6700\u7279\u5225\u7684\u662f\uff1a\u5b83\u5011\u662f\u78c1\u77f3\uff01\u5c07\u5b83\u5011\u8cbc\u5728\u91d1\u5c6c\u8868\u9762\uff0c\u8b93\u85dd\u8853\u3001\u81ea\u7136\u548c\u6b77\u53f2\u5728\u6700\u610f\u60f3\u4e0d\u5230\u7684\u5730\u65b9\u878d\u5408\u5728\u4e00\u8d77\u3002.<br \/>\n\u6536\u96c6\u3001\u5c55\u793a\u5b83\u5011\uff0c\u8b93\u5b83\u5011\u7684\u4e03\u5f69\u5149\u8292\u70ba\u60a8\u7684\u73fe\u4ee3\u4e16\u754c\u589e\u6dfb\u4e00\u62b9\u53e4\u8001\u7684\u65e5\u672c\u98a8\u60c5\u3002.<\/p>\n<h3>\ud83c\udf89\u60f3\u8981\u5b8c\u6574\u7cfb\u5217\u55ce\uff1f\u6536\u85cf\u8005\u53ef\u8cfc\u8cb7\u5168\u5957\uff01<\/h3>\n<p>\u6536\u85cf\u5bb6\u559c\u611b\u6211\u5011\u7684\u5168\u5957\u7522\u54c1 - \u5b83\u80fd\u4fdd\u8b49 <strong>\u7121\u91cd\u8907<\/strong> \u4e26\u5305\u62ec <strong>\u6bcf\u500b\u89d2\u8272<\/strong>!<\/p>\n<p><strong>\u6578\u91cf\u6709\u9650<\/strong> - \u4e0d\u8981\u932f\u904e\uff01<\/p>\n<p><a class=\"cta-button\" href=\"\/zh-tw\/products\/full-collection\/\">\u9ede\u9078\u6b64\u8655\u53d6\u5f97\u5168\u5957\u7522\u54c1<\/a><\/p>","protected":false},"featured_media":48821,"comment_status":"open","ping_status":"closed","template":"","meta":[],"product_brand":[],"product_cat":[293,338,335],"product_tag":[],"class_list":{"0":"post-48530","1":"product","2":"type-product","3":"status-publish","4":"has-post-thumbnail","6":"product_cat-gacha","7":"product_cat-animal-pet-toys","8":"product_cat-weird-funny-toys","10":"first","11":"instock","12":"shipping-taxable","13":"purchasable","14":"product-type-variable","15":"has-default-attributes"},"_links":{"self":[{"href":"https:\/\/eatsjapan.com\/zh-tw\/wp-json\/wp\/v2\/product\/48530","targetHints":{"allow":["GET"]}}],"collection":[{"href":"https:\/\/eatsjapan.com\/zh-tw\/wp-json\/wp\/v2\/product"}],"about":[{"href":"https:\/\/eatsjapan.com\/zh-tw\/wp-json\/wp\/v2\/types\/product"}],"replies":[{"embeddable":true,"href":"https:\/\/eatsjapan.com\/zh-tw\/wp-json\/wp\/v2\/comments?post=48530"}],"wp:featuredmedia":[{"embeddable":true,"href":"https:\/\/eatsjapan.com\/zh-tw\/wp-json\/wp\/v2\/media\/48821"}],"wp:attachment":[{"href":"https:\/\/eatsjapan.com\/zh-tw\/wp-json\/wp\/v2\/media?parent=48530"}],"wp:term":[{"taxonomy":"product_brand","embeddable":true,"href":"https:\/\/eatsjapan.com\/zh-tw\/wp-json\/wp\/v2\/product_brand?post=48530"},{"taxonomy":"product_cat","embeddable":true,"href":"https:\/\/eatsjapan.com\/zh-tw\/wp-json\/wp\/v2\/product_cat?post=48530"},{"taxonomy":"product_tag","embeddable":true,"href":"https:\/\/eatsjapan.com\/zh-tw\/wp-json\/wp\/v2\/product_tag?post=48530"}],"curies":[{"name":"wp","href":"https:\/\/api.w.org\/{rel}","templated":true}]}}