{"id":50628,"date":"2026-01-26T22:20:04","date_gmt":"2026-01-26T13:20:04","guid":{"rendered":"https:\/\/eatsjapan.com\/?post_type=product&#038;p=50628"},"modified":"2026-02-04T22:47:22","modified_gmt":"2026-02-04T13:47:22","slug":"lucky-japan-capsule-mystery","status":"publish","type":"product","link":"https:\/\/eatsjapan.com\/de\/products\/lucky-japan-capsule-mystery\/","title":{"rendered":"Japan-Gl\u00fcckskapsel (Mystery)"},"content":{"rendered":"<h3><strong>Wichtig zu wissen<\/strong><\/h3>\n<p>Der Inhalt ist zuf\u00e4llig und kann nicht angegeben werden.<br \/>\nDie Abbildung dient nur zur Veranschaulichung (das tats\u00e4chliche Produkt kann abweichen).<br \/>\nDie Kapseln sind f\u00fcr den japanischen Markt bestimmt und k\u00f6nnen Bestandteile enthalten, die im Ausland nur schwer erh\u00e4ltlich sind.<\/p>","protected":false},"excerpt":{"rendered":"<h3><strong data-start=\"208\" data-end=\"260\">Teste dein Gl\u00fcck mit einem echten japanischen Kapselspielzeug!<\/strong><\/h3>\n<p>Lucky Japan Capsule (Mystery) ist ein Mystery-Artikel, bei dem wir ein v\u00f6llig zuf\u00e4lliges Kapselspielzeug liefern.<\/p>\n<p>Der Inhalt ist 100% zuf\u00e4llig<br \/>\nKann Figuren, Miniaturen, einzigartige Waren usw. enthalten.<br \/>\nSie erhalten nicht unbedingt denselben Artikel<\/p>\n<p>In dieser Kapsel k\u00f6nnen Sie die japanische \u201cGacha-Kultur\u201d hautnah erleben<\/p>","protected":false},"featured_media":50644,"comment_status":"open","ping_status":"closed","template":"","meta":[],"product_brand":[],"product_cat":[335],"product_tag":[],"class_list":{"0":"post-50628","1":"product","2":"type-product","3":"status-publish","4":"has-post-thumbnail","6":"product_cat-weird-funny-toys","8":"first","9":"instock","10":"shipping-taxable","11":"purchasable","12":"product-type-simple"},"_links":{"self":[{"href":"https:\/\/eatsjapan.com\/de\/wp-json\/wp\/v2\/product\/50628","targetHints":{"allow":["GET"]}}],"collection":[{"href":"https:\/\/eatsjapan.com\/de\/wp-json\/wp\/v2\/product"}],"about":[{"href":"https:\/\/eatsjapan.com\/de\/wp-json\/wp\/v2\/types\/product"}],"replies":[{"embeddable":true,"href":"https:\/\/eatsjapan.com\/de\/wp-json\/wp\/v2\/comments?post=50628"}],"wp:featuredmedia":[{"embeddable":true,"href":"https:\/\/eatsjapan.com\/de\/wp-json\/wp\/v2\/media\/50644"}],"wp:attachment":[{"href":"https:\/\/eatsjapan.com\/de\/wp-json\/wp\/v2\/media?parent=50628"}],"wp:term":[{"taxonomy":"product_brand","embeddable":true,"href":"https:\/\/eatsjapan.com\/de\/wp-json\/wp\/v2\/product_brand?post=50628"},{"taxonomy":"product_cat","embeddable":true,"href":"https:\/\/eatsjapan.com\/de\/wp-json\/wp\/v2\/product_cat?post=50628"},{"taxonomy":"product_tag","embeddable":true,"href":"https:\/\/eatsjapan.com\/de\/wp-json\/wp\/v2\/product_tag?post=50628"}],"curies":[{"name":"wp","href":"https:\/\/api.w.org\/{rel}","templated":true}]}}