{"id":49503,"date":"2025-09-21T16:43:43","date_gmt":"2025-09-21T07:43:43","guid":{"rendered":"https:\/\/eatsjapan.com\/?post_type=product&#038;p=49503"},"modified":"2026-02-06T16:17:19","modified_gmt":"2026-02-06T07:17:19","slug":"animal-sweets-miniature-collection","status":"publish","type":"product","link":"https:\/\/eatsjapan.com\/de\/products\/animal-sweets-miniature-collection\/","title":{"rendered":"Tierische S\u00fc\u00dfigkeiten Miniatur-Kollektion"},"content":{"rendered":"<p><span class=\"ttldesc\">Probieren Sie es aus!<span><\/p>\n<p>Willst du sie alle sammeln? Mit dem Komplettset k\u00f6nnen Sie garantiert jedes Design genie\u00dfen!<br \/>\nJedes Kapselspielzeug ist immer noch eine wunderbare \u00dcberraschung, und du wirst nicht wissen, welches niedliche oder schrullige Design du bekommst, bis du es \u00f6ffnest - so wird jedes \u00d6ffnen zu einem kleinen Abenteuer f\u00fcr dein Herz!<br \/>\nManche Gegenst\u00e4nde sind schwieriger zu finden und machen Ihre Sammlung noch spannender.<br \/>\nStellen Sie sie in einer Reihe auf, um die gesamte Serie zu vervollst\u00e4ndigen, und sp\u00fcren Sie die Zufriedenheit und den einzigartigen Charme, die Ihren Alltag bereichern!<br \/>\nHolen Sie sich noch heute ein St\u00fcck der ber\u00fchmten japanischen Kapselspielzeugkultur nach Hause.<br \/>\nStarten Sie Ihre Sammlung, genie\u00dfen Sie die \u00dcberraschungen und lassen Sie den Spa\u00df mit jeder Kapsel weiter wachsen!<\/p>","protected":false},"excerpt":{"rendered":"<p>Animal treats come alive! The Animal Sweets Miniature Collection features tiny, adorable confections that make every display playful, collectible, and utterly irresistible.<\/p>\n<p><span class=\"collectionttl\">Sammlung<\/span><br \/>\n\u30fbRabbit Macaroons\u30fbKoala Cupcakes\u30fbDog Pudding\u30fbSheep Cupcakes\u30fbKitty Pudding<\/p>","protected":false},"featured_media":49396,"comment_status":"open","ping_status":"closed","template":"","meta":[],"product_brand":[],"product_cat":[338,341,334,293,335],"product_tag":[307],"class_list":{"0":"post-49503","1":"product","2":"type-product","3":"status-publish","4":"has-post-thumbnail","6":"product_cat-animal-pet-toys","7":"product_cat-complete-sets","8":"product_cat-cute-kawaii-toys","9":"product_cat-gacha","10":"product_cat-weird-funny-toys","11":"product_tag-end-of-sale","13":"first","14":"outofstock","15":"sale","16":"shipping-taxable","17":"purchasable","18":"product-type-variable","19":"has-default-attributes"},"_links":{"self":[{"href":"https:\/\/eatsjapan.com\/de\/wp-json\/wp\/v2\/product\/49503","targetHints":{"allow":["GET"]}}],"collection":[{"href":"https:\/\/eatsjapan.com\/de\/wp-json\/wp\/v2\/product"}],"about":[{"href":"https:\/\/eatsjapan.com\/de\/wp-json\/wp\/v2\/types\/product"}],"replies":[{"embeddable":true,"href":"https:\/\/eatsjapan.com\/de\/wp-json\/wp\/v2\/comments?post=49503"}],"wp:featuredmedia":[{"embeddable":true,"href":"https:\/\/eatsjapan.com\/de\/wp-json\/wp\/v2\/media\/49396"}],"wp:attachment":[{"href":"https:\/\/eatsjapan.com\/de\/wp-json\/wp\/v2\/media?parent=49503"}],"wp:term":[{"taxonomy":"product_brand","embeddable":true,"href":"https:\/\/eatsjapan.com\/de\/wp-json\/wp\/v2\/product_brand?post=49503"},{"taxonomy":"product_cat","embeddable":true,"href":"https:\/\/eatsjapan.com\/de\/wp-json\/wp\/v2\/product_cat?post=49503"},{"taxonomy":"product_tag","embeddable":true,"href":"https:\/\/eatsjapan.com\/de\/wp-json\/wp\/v2\/product_tag?post=49503"}],"curies":[{"name":"wp","href":"https:\/\/api.w.org\/{rel}","templated":true}]}}