{"id":48873,"date":"2025-09-07T13:31:55","date_gmt":"2025-09-07T04:31:55","guid":{"rendered":"https:\/\/eatsjapan.com\/?post_type=product&#038;p=48873"},"modified":"2026-04-21T23:56:43","modified_gmt":"2026-04-21T14:56:43","slug":"ocean-block-mini-figure-series-collectible-aquatic-toys","status":"publish","type":"product","link":"https:\/\/eatsjapan.com\/de\/products\/ocean-block-mini-figure-series-collectible-aquatic-toys\/","title":{"rendered":"Ocean Block Mini Figure Series - Aquatisches Sammelspielzeug"},"content":{"rendered":"<p>Produkt-Kollektion<br \/>\n\u30fbBlock Marlin<br \/>\n\u30fbSchildkr\u00f6te<br \/>\n\u30fbBlock Kugelfisch<br \/>\n\u30fbBlock Seeteufel<br \/>\n\u30fbBlock Hai<br \/>\n\u30fbBlock Hummer<\/p>\n<p>Probieren Sie es aus!<br \/>\nWenn du nicht das komplette Set kaufst, ist jede Kapsel zuf\u00e4llig verpackt. Du wirst nicht wissen, welches Design du bekommst, bis du sie \u00f6ffnest - lass dich also \u00fcberraschen!<br \/>\nDie Gashapon-Miniaturspielzeuge sind echte Sammlerst\u00fccke und bieten mit jeder Kapsel eine einzigartige \u00dcberraschung.<br \/>\nDa jedes St\u00fcck nach dem Zufallsprinzip ausgew\u00e4hlt wird, ist es ein Teil des Spa\u00dfes, herauszufinden, welches Design Sie erhalten haben.<br \/>\nDiese winzigen Kapseln sind mit japanischer Verspieltheit gef\u00fcllt und bringen ein bisschen mehr Freude in den Alltag.<br \/>\nStellen Sie sie in einer Reihe auf, um die gesamte Serie zu vervollst\u00e4ndigen und die Zufriedenheit einer fertigen Sammlung zu erleben.<br \/>\nF\u00fcgen Sie sie noch heute Ihrer Sammlung hinzu und genie\u00dfen Sie die Spannung!<\/p>","protected":false},"excerpt":{"rendered":"<p>Erschaffe deine eigene Ozeanwelt mit diesen verspielten Ocean Block Minifiguren - und tauche ein in den Sammelspa\u00df am Meer!<\/p>","protected":false},"featured_media":48871,"comment_status":"open","ping_status":"closed","template":"","meta":[],"product_brand":[],"product_cat":[341,293],"product_tag":[],"class_list":{"0":"post-48873","1":"product","2":"type-product","3":"status-publish","4":"has-post-thumbnail","6":"product_cat-complete-sets","7":"product_cat-gacha","9":"first","10":"outofstock","11":"sale","12":"shipping-taxable","13":"purchasable","14":"product-type-variable","15":"has-default-attributes"},"_links":{"self":[{"href":"https:\/\/eatsjapan.com\/de\/wp-json\/wp\/v2\/product\/48873","targetHints":{"allow":["GET"]}}],"collection":[{"href":"https:\/\/eatsjapan.com\/de\/wp-json\/wp\/v2\/product"}],"about":[{"href":"https:\/\/eatsjapan.com\/de\/wp-json\/wp\/v2\/types\/product"}],"replies":[{"embeddable":true,"href":"https:\/\/eatsjapan.com\/de\/wp-json\/wp\/v2\/comments?post=48873"}],"wp:featuredmedia":[{"embeddable":true,"href":"https:\/\/eatsjapan.com\/de\/wp-json\/wp\/v2\/media\/48871"}],"wp:attachment":[{"href":"https:\/\/eatsjapan.com\/de\/wp-json\/wp\/v2\/media?parent=48873"}],"wp:term":[{"taxonomy":"product_brand","embeddable":true,"href":"https:\/\/eatsjapan.com\/de\/wp-json\/wp\/v2\/product_brand?post=48873"},{"taxonomy":"product_cat","embeddable":true,"href":"https:\/\/eatsjapan.com\/de\/wp-json\/wp\/v2\/product_cat?post=48873"},{"taxonomy":"product_tag","embeddable":true,"href":"https:\/\/eatsjapan.com\/de\/wp-json\/wp\/v2\/product_tag?post=48873"}],"curies":[{"name":"wp","href":"https:\/\/api.w.org\/{rel}","templated":true}]}}