{"id":48583,"date":"2025-07-28T08:29:01","date_gmt":"2025-07-27T23:29:01","guid":{"rendered":"https:\/\/eatsjapan.com\/?post_type=product&#038;p=48583"},"modified":"2026-03-18T15:19:51","modified_gmt":"2026-03-18T06:19:51","slug":"booska-pocket-monsters-glow-in-the-dark-ball-chain-keychains-open-package","status":"publish","type":"product","link":"https:\/\/eatsjapan.com\/de\/products\/booska-pocket-monsters-glow-in-the-dark-ball-chain-keychains-open-package\/","title":{"rendered":"Booska Pocket Monsters - Glow-in-the-Dark Ball Chain Keychains Open Package"},"content":{"rendered":"<p>3. Vanillegelb<\/p>\n<p>\u2605 Bitte beachten<\/p>\n<p>Dieser Artikel wurde sorgf\u00e4ltig f\u00fcr Studioaufnahmen ge\u00f6ffnet, damit Sie genau sehen k\u00f6nnen, was Sie bekommen - keine Duplikate, kein R\u00e4tselraten.<br data-start=\"328\" data-end=\"331\" \/>Es befindet sich in einem neuwertigen, unbenutzten Zustand und ist ideal f\u00fcr Sammler, die ein bestimmtes St\u00fcck suchen.<br data-start=\"429\" data-end=\"432\" \/>F\u00fcgen Sie Ihrer Sammlung noch heute ein St\u00fcck authentischen japanischen Charmes hinzu, mit vollem Vertrauen in den Inhalt.<\/p>","protected":false},"excerpt":{"rendered":"<h3>Retro-Monster-Magie, die im Dunkeln leuchtet - das ist Booska!<\/h3>\n<p>Booska ist zur\u00fcck - und leuchtender als je zuvor! Diese Mini-Vinyl-Maskottchen-Serie zeigt das geliebte japanische Monster in leuchtenden Retro-Farben, von denen einige sogar im Dunkeln leuchten. Diese witzigen, charmanten und sammelw\u00fcrdigen Softfiguren sind deine neuen Lieblingsmonsterfreunde.<\/p>\n<h4>Nur einer verf\u00fcgbar. Ge\u00f6ffnet f\u00fcr Studiofotografie. Wie neu, unbenutzter Zustand.<\/h4>","protected":false},"featured_media":50983,"comment_status":"open","ping_status":"closed","template":"","meta":[],"product_brand":[],"product_cat":[293,339],"product_tag":[434],"class_list":{"0":"post-48583","1":"product","2":"type-product","3":"status-publish","4":"has-post-thumbnail","6":"product_cat-gacha","7":"product_cat-retro-nostalgic-toys","8":"product_tag-sale","10":"first","11":"instock","12":"shipping-taxable","13":"purchasable","14":"product-type-variable","15":"has-default-attributes"},"_links":{"self":[{"href":"https:\/\/eatsjapan.com\/de\/wp-json\/wp\/v2\/product\/48583","targetHints":{"allow":["GET"]}}],"collection":[{"href":"https:\/\/eatsjapan.com\/de\/wp-json\/wp\/v2\/product"}],"about":[{"href":"https:\/\/eatsjapan.com\/de\/wp-json\/wp\/v2\/types\/product"}],"replies":[{"embeddable":true,"href":"https:\/\/eatsjapan.com\/de\/wp-json\/wp\/v2\/comments?post=48583"}],"wp:featuredmedia":[{"embeddable":true,"href":"https:\/\/eatsjapan.com\/de\/wp-json\/wp\/v2\/media\/50983"}],"wp:attachment":[{"href":"https:\/\/eatsjapan.com\/de\/wp-json\/wp\/v2\/media?parent=48583"}],"wp:term":[{"taxonomy":"product_brand","embeddable":true,"href":"https:\/\/eatsjapan.com\/de\/wp-json\/wp\/v2\/product_brand?post=48583"},{"taxonomy":"product_cat","embeddable":true,"href":"https:\/\/eatsjapan.com\/de\/wp-json\/wp\/v2\/product_cat?post=48583"},{"taxonomy":"product_tag","embeddable":true,"href":"https:\/\/eatsjapan.com\/de\/wp-json\/wp\/v2\/product_tag?post=48583"}],"curies":[{"name":"wp","href":"https:\/\/api.w.org\/{rel}","templated":true}]}}