{"id":48366,"date":"2025-05-06T17:04:06","date_gmt":"2025-05-06T08:04:06","guid":{"rendered":"https:\/\/eatsjapan.com\/products\/flavors-figure-collection-vol3-set\/"},"modified":"2026-04-07T15:53:06","modified_gmt":"2026-04-07T06:53:06","slug":"flavors-figure-collection-vol3-set","status":"publish","type":"product","link":"https:\/\/eatsjapan.com\/de\/products\/flavors-figure-collection-vol3-set\/","title":{"rendered":"FLAVORS Figurensammlung Vol.3"},"content":{"rendered":"<p>\u25a0Aufstellung von 6 Typen<\/p>\n<p>1. Schwarzes-Loch-Donut<br \/>\n2. Schokoladen-Karneval<br \/>\n3. Fisch-Burger<br \/>\n4. Leckerer Teriyaki-Burger<br \/>\n5. Strawberry Twist Soft Cream<br \/>\n6. Schokolade Twist Soft Cream<\/p>\n<p>Bitte beachten:<br \/>\n* Die Auswahl des Gegenstandes in der Kapsel ist zuf\u00e4llig und kann nicht gew\u00e4hlt werden.<br \/>\n* Es besteht die M\u00f6glichkeit, dass Sie doppelte Sendungen erhalten.<\/p>\n<p>Wichtige Informationen:<br \/>\nWenn Ihre Bestellung einen Vorbestellungsartikel enth\u00e4lt, wird Ihre gesamte Bestellung nach Freigabe des Vorbestellungsartikels zusammen versandt. Dies bedeutet, dass sich der Versand Ihrer Bestellung verz\u00f6gern kann, bis der Vorbestellungsartikel verf\u00fcgbar ist. Bitte ber\u00fccksichtigen Sie dies bei Ihrer Bestellung.<\/p>\n<p>Diese sammelbaren Kapselspielzeuge bieten ein reizvolles St\u00fcck japanischer Kultur, das sich f\u00fcr Sammler und Liebhaber gleicherma\u00dfen eignet!<\/p>","protected":false},"excerpt":{"rendered":"<p>Die mit Spannung erwartete dritte Ausgabe der beliebten Miniaturensammlung aus Weichvinyl, FLAVORS! Dieses Mal bringen wir die Publikumslieblinge - Donuts und Burger - zur\u00fcck und erweitern die Palette auf sechs luxuri\u00f6se Sorten. Mit ihren beweglichen Armen k\u00f6nnen Sie die Posen der Figuren ver\u00e4ndern und so f\u00fcr zus\u00e4tzlichen Spa\u00df sorgen. Eine Pop-Miniaturensammlung, die Lust macht, sie alle zu sammeln und auszustellen! Au\u00dferdem gibt es einen exklusiven Bonus, der nur in unseren Filialen erh\u00e4ltlich ist.<br \/>\n*Dies ist ein 12-teiliges Set.<\/p>","protected":false},"featured_media":48223,"comment_status":"open","ping_status":"closed","template":"","meta":[],"product_brand":[],"product_cat":[293],"product_tag":[],"class_list":{"0":"post-48366","1":"product","2":"type-product","3":"status-publish","4":"has-post-thumbnail","6":"product_cat-gacha","8":"first","9":"outofstock","10":"shipping-taxable","11":"purchasable","12":"product-type-variable","13":"has-default-attributes"},"_links":{"self":[{"href":"https:\/\/eatsjapan.com\/de\/wp-json\/wp\/v2\/product\/48366","targetHints":{"allow":["GET"]}}],"collection":[{"href":"https:\/\/eatsjapan.com\/de\/wp-json\/wp\/v2\/product"}],"about":[{"href":"https:\/\/eatsjapan.com\/de\/wp-json\/wp\/v2\/types\/product"}],"replies":[{"embeddable":true,"href":"https:\/\/eatsjapan.com\/de\/wp-json\/wp\/v2\/comments?post=48366"}],"wp:featuredmedia":[{"embeddable":true,"href":"https:\/\/eatsjapan.com\/de\/wp-json\/wp\/v2\/media\/48223"}],"wp:attachment":[{"href":"https:\/\/eatsjapan.com\/de\/wp-json\/wp\/v2\/media?parent=48366"}],"wp:term":[{"taxonomy":"product_brand","embeddable":true,"href":"https:\/\/eatsjapan.com\/de\/wp-json\/wp\/v2\/product_brand?post=48366"},{"taxonomy":"product_cat","embeddable":true,"href":"https:\/\/eatsjapan.com\/de\/wp-json\/wp\/v2\/product_cat?post=48366"},{"taxonomy":"product_tag","embeddable":true,"href":"https:\/\/eatsjapan.com\/de\/wp-json\/wp\/v2\/product_tag?post=48366"}],"curies":[{"name":"wp","href":"https:\/\/api.w.org\/{rel}","templated":true}]}}