{"id":48365,"date":"2025-05-06T17:04:05","date_gmt":"2025-05-06T08:04:05","guid":{"rendered":"https:\/\/eatsjapan.com\/products\/mojojojo-miniature-figure-mascots-box\/"},"modified":"2026-04-14T03:50:04","modified_gmt":"2026-04-13T18:50:04","slug":"mojojojo-miniature-figure-mascots-box","status":"publish","type":"product","link":"https:\/\/eatsjapan.com\/de\/products\/mojojojo-miniature-figure-mascots-box\/","title":{"rendered":"Mojojojo Miniaturfigur Maskottchen"},"content":{"rendered":"<p>\u25a0Aufstellung von 4 Typen<\/p>\n<p>\u30fbnicky<br \/>\nMan kann nie wissen.<br \/>\nKirsche oben drauf<br \/>\n\u30fbBetty<\/p>\n<p>Bitte beachten:<br \/>\n\u2605 Das Spielzeug, das Sie erhalten, ist eine \u00dcberraschung! Leider k\u00f6nnen wir keine Sonderw\u00fcnsche ber\u00fccksichtigen.<br \/>\n\u2605 Es besteht die M\u00f6glichkeit, dass Sie doppeltes Spielzeug erhalten, wenn Sie mehr als eins bestellen.<br \/>\n\u2605 Die Aufkleber, die in der ersten Ausgabe enthalten waren, sind in dieser Version nicht enthalten.<\/p>\n<p>Wichtige Informationen:<br \/>\n(1) Dieses Produkt ist als Vorbestellung erh\u00e4ltlich und wird nach seiner Freigabe geliefert. Je nach Auftragsvolumen kann es zu einer Verz\u00f6gerung der Lieferung kommen. Wir danken f\u00fcr Ihr Verst\u00e4ndnis im Voraus.<br \/>\n(2) Leider k\u00f6nnen wir keine Anfragen zu bestimmten Lieferterminen annehmen.<br \/>\n(3) Stornierungen oder \u00c4nderungen der Bestellmenge k\u00f6nnen wir nicht akzeptieren.<br \/>\n(4) Wenn Sie diesen Artikel zusammen mit anderen Produkten bestellen, beachten Sie bitte, dass alle Artikel zusammen versandt werden, sobald der vorbestellte<\/p>","protected":false},"excerpt":{"rendered":"<p>Das s\u00fc\u00dfe Pl\u00fcschtier Mojojojo verwandelt sich jetzt in ein stylisches Maskottchen mit Karabinerhaken! Alle Varianten sind mit einer flauschigen Beflockung versehen!<br \/>\nMit diesem Miniatur-Sammelspielzeug kannst du deiner Sammlung einen Hauch von japanischem Charme verleihen. Egal, ob Sie ein Fan von japanischem Kapselspielzeug (Gashapon) sind oder einfach nur einzigartige und niedliche Dinge lieben, dieses Mojojojo Pl\u00fcschtier ist ein absolutes Must-Have! Das Pl\u00fcschtier ist nicht nur niedlich, sondern wird auch mit einem trendigen Karabiner geliefert, der es zu einem idealen Accessoire macht, um es an Taschen oder Schl\u00fcsseln zu befestigen.<br \/>\nUnd das Beste daran? Jedes dieser entz\u00fcckenden Maskottchen ist mit einer weichen und flauschigen Beflockung versehen, die f\u00fcr zus\u00e4tzlichen Charme und haptischen Reiz sorgt. Verpassen Sie es nicht, dieses niedliche und stilvolle japanische Sammlerst\u00fcck in Ihre Sammlung aufzunehmen!<br \/>\n*Dies ist ein 12-teiliges Set.<\/p>","protected":false},"featured_media":48368,"comment_status":"open","ping_status":"closed","template":"","meta":[],"product_brand":[],"product_cat":[338,293],"product_tag":[],"class_list":{"0":"post-48365","1":"product","2":"type-product","3":"status-publish","4":"has-post-thumbnail","6":"product_cat-animal-pet-toys","7":"product_cat-gacha","9":"first","10":"instock","11":"shipping-taxable","12":"purchasable","13":"product-type-variable","14":"has-default-attributes"},"_links":{"self":[{"href":"https:\/\/eatsjapan.com\/de\/wp-json\/wp\/v2\/product\/48365","targetHints":{"allow":["GET"]}}],"collection":[{"href":"https:\/\/eatsjapan.com\/de\/wp-json\/wp\/v2\/product"}],"about":[{"href":"https:\/\/eatsjapan.com\/de\/wp-json\/wp\/v2\/types\/product"}],"replies":[{"embeddable":true,"href":"https:\/\/eatsjapan.com\/de\/wp-json\/wp\/v2\/comments?post=48365"}],"wp:featuredmedia":[{"embeddable":true,"href":"https:\/\/eatsjapan.com\/de\/wp-json\/wp\/v2\/media\/48368"}],"wp:attachment":[{"href":"https:\/\/eatsjapan.com\/de\/wp-json\/wp\/v2\/media?parent=48365"}],"wp:term":[{"taxonomy":"product_brand","embeddable":true,"href":"https:\/\/eatsjapan.com\/de\/wp-json\/wp\/v2\/product_brand?post=48365"},{"taxonomy":"product_cat","embeddable":true,"href":"https:\/\/eatsjapan.com\/de\/wp-json\/wp\/v2\/product_cat?post=48365"},{"taxonomy":"product_tag","embeddable":true,"href":"https:\/\/eatsjapan.com\/de\/wp-json\/wp\/v2\/product_tag?post=48365"}],"curies":[{"name":"wp","href":"https:\/\/api.w.org\/{rel}","templated":true}]}}