{"id":48364,"date":"2025-05-06T17:04:05","date_gmt":"2025-05-06T08:04:05","guid":{"rendered":"https:\/\/eatsjapan.com\/products\/okame-natto-ball-chain-mascot\/"},"modified":"2026-04-05T23:37:57","modified_gmt":"2026-04-05T14:37:57","slug":"okame-natto-ball-chain-mascot","status":"publish","type":"product","link":"https:\/\/eatsjapan.com\/de\/products\/okame-natto-ball-chain-mascot\/","title":{"rendered":"Okame Natto Ball Chain Maskottchen Serie"},"content":{"rendered":"<p>\u25a0Aufstellung von 4 Typen:<br \/>\n\u30fbOkame Natto Miniatur Tasse 3<br \/>\n\u30fbOkame Natto Miniaturbecher 3 mit milder Umami und Gew\u00fcrzen<br \/>\n\u30fbOkame Tofu Miniatur mit seidiger Sch\u00f6nheit Acryl Charme<br \/>\n\u30fbOkame Tofu Miniatur Momen 3 mit Acryl Charme<\/p>\n<p>\u2605Bez\u00fcglich des Inhalts:<br \/>\nBitte beachten Sie, dass der Inhalt nicht ausgew\u00e4hlt werden kann.<br \/>\nEs besteht die M\u00f6glichkeit, dass der Inhalt dupliziert wird.<br \/>\nEs ist nicht m\u00f6glich, die Natto- und Tofupackungen zum Spielen in einzelne St\u00fccke zu zerlegen. Sobald die \u00e4u\u00dfere Verpackung entfernt wurde, kann sie auch nicht mehr in ihren urspr\u00fcnglichen Zustand zur\u00fcckgebracht werden. Wir bitten um Ihr Verst\u00e4ndnis.<\/p>\n<p>\u2605Bitte beachten:<br \/>\nWenn Sie zusammen mit einem Vorbestellungsartikel bestellen, werden alle Artikel nach der Ver\u00f6ffentlichung des Vorbestellungsartikels zusammen versandt.<\/p>\n<p>Holen Sie sich diese bezaubernden japanischen Miniaturspielzeuge, die eine perfekte Erg\u00e4nzung zu Ihrer Gashapon-Kapselspielzeugsammlung darstellen. Ob du ein Fan der traditionellen<\/p>","protected":false},"excerpt":{"rendered":"<p>Die zweite Auflage des Kugelketten-Maskottchens von \u201cOkame Natto\u201d bringt ein L\u00e4cheln auf Ihren Esstisch! Dieser exklusive Artikel ist mit besonderen Vorteilen ausgestattet, die nur in unseren Direktgesch\u00e4ften erh\u00e4ltlich sind.<br \/>\n*Dies ist ein 12-teiliges Set.<\/p>\n<p>Okame Natto ist in Japan eine beliebte Marke, die f\u00fcr ihre k\u00f6stlichen fermentierten Sojabohnen bekannt ist, die jeder Mahlzeit eine einzigartige, gesunde Note verleihen. Jetzt k\u00f6nnen Sie mit unseren charmanten Miniatur-Maskottchen ein St\u00fcck dieser japanischen Tradition in Ihren Alltag bringen. Die mit einer praktischen Kugelkette versehenen Sammlerst\u00fccke k\u00f6nnen Sie an Ihren Schl\u00fcsseln, Taschen oder \u00fcberall dort anbringen, wo Sie einen Hauch von japanischem Charme w\u00fcnschen.<\/p>\n<p>Diese zweite Ausgabe der Ball Chain Mascot-Serie wird in einer 12er-Box geliefert und ist damit ein perfektes Geschenk f\u00fcr Sammler oder Fans der japanischen Kultur. Als Bonus bieten wir exklusive Verg\u00fcnstigungen f\u00fcr Eink\u00e4ufe in unseren Direktgesch\u00e4ften. Verpassen Sie nicht diese Gelegenheit, ein St\u00fcck Japan zu besitzen.<\/p>","protected":false},"featured_media":48151,"comment_status":"open","ping_status":"closed","template":"","meta":[],"product_brand":[],"product_cat":[337,293],"product_tag":[],"class_list":{"0":"post-48364","1":"product","2":"type-product","3":"status-publish","4":"has-post-thumbnail","6":"product_cat-miniature-food-life","7":"product_cat-gacha","9":"first","10":"instock","11":"shipping-taxable","12":"purchasable","13":"product-type-variable","14":"has-default-attributes"},"_links":{"self":[{"href":"https:\/\/eatsjapan.com\/de\/wp-json\/wp\/v2\/product\/48364","targetHints":{"allow":["GET"]}}],"collection":[{"href":"https:\/\/eatsjapan.com\/de\/wp-json\/wp\/v2\/product"}],"about":[{"href":"https:\/\/eatsjapan.com\/de\/wp-json\/wp\/v2\/types\/product"}],"replies":[{"embeddable":true,"href":"https:\/\/eatsjapan.com\/de\/wp-json\/wp\/v2\/comments?post=48364"}],"wp:featuredmedia":[{"embeddable":true,"href":"https:\/\/eatsjapan.com\/de\/wp-json\/wp\/v2\/media\/48151"}],"wp:attachment":[{"href":"https:\/\/eatsjapan.com\/de\/wp-json\/wp\/v2\/media?parent=48364"}],"wp:term":[{"taxonomy":"product_brand","embeddable":true,"href":"https:\/\/eatsjapan.com\/de\/wp-json\/wp\/v2\/product_brand?post=48364"},{"taxonomy":"product_cat","embeddable":true,"href":"https:\/\/eatsjapan.com\/de\/wp-json\/wp\/v2\/product_cat?post=48364"},{"taxonomy":"product_tag","embeddable":true,"href":"https:\/\/eatsjapan.com\/de\/wp-json\/wp\/v2\/product_tag?post=48364"}],"curies":[{"name":"wp","href":"https:\/\/api.w.org\/{rel}","templated":true}]}}