{"id":48362,"date":"2025-05-06T17:04:04","date_gmt":"2025-05-06T08:04:04","guid":{"rendered":"https:\/\/eatsjapan.com\/products\/sanrio-characters-baby-room-collection\/"},"modified":"2026-04-07T17:48:06","modified_gmt":"2026-04-07T08:48:06","slug":"sanrio-characters-baby-room-collection","status":"publish","type":"product","link":"https:\/\/eatsjapan.com\/de\/products\/sanrio-characters-baby-room-collection\/","title":{"rendered":"Sanrio-Charaktere Babyzimmer Kollektion"},"content":{"rendered":"<p>\u25a0Aufstellung von 5 Typen<br \/>\n1. My Melody mit Babybett<br \/>\n2. Hello Kitty mit Rassel und Milchset<br \/>\n3. Pompompurin mit Babystuhl und Reiscrackern (mit einem Pompompurin-Relief!)<br \/>\n4. Cinnamoroll mit Snack-Set (Cinnamorolls Gesicht ist auf dem Boden des Tellers!)<br \/>\n5. Kleine Zwillingssterne mit Sternkissen<\/p>\n<p>\u2605 Bitte beachten:<br \/>\n-Man wei\u00df nie, welche Sorte man bekommt - das sorgt f\u00fcr einen \u00dcberraschungseffekt beim Kauf!<br \/>\n-Wenn Sie ein Duplikat erhalten, ist es ein perfektes kleines Geschenk f\u00fcr einen besonderen Menschen.<\/p>\n<p>\u2605Bitte seien Sie achtsam<br \/>\nWenn Sie zusammen mit vorbestellten Artikeln bestellen, wird Ihre Bestellung nach der Freigabe der vorbestellten Artikel zusammen versandt. Die Bestellung wird nicht separat verschickt. Diese Kollektion ist perfekt f\u00fcr Fans von japanischen Gashapon, Miniaturspielzeug und Kapselspielzeug. Diese Sammlerst\u00fccke zeigen geliebte Charaktere in bezaubernder Umgebung und sind ein Muss f\u00fcr jeden Sammler!<\/p>","protected":false},"excerpt":{"rendered":"<p>Werfen Sie einen Blick in die entz\u00fcckenden Zimmer Ihrer Lieblingsfiguren von Sanrio, die sich in niedliche Babys verwandelt haben! Dieses Produkt ist ein Set aus 5 Spielzeugkapseln, perfekt f\u00fcr Sammler und Fans von japanischem Miniaturspielzeug. Jede Kapsel enth\u00e4lt das Zimmer eines anderen Charakters und bietet einen einzigartigen und charmanten Einblick in ihr kleines Leben. Ideal zum Verschenken oder um einen Hauch von Skurrilit\u00e4t in den eigenen Raum zu bringen, bieten diese Sammelspielzeuge eine reizvolle M\u00f6glichkeit, die geliebte Welt von Sanrio zu genie\u00dfen.<\/p>","protected":false},"featured_media":48372,"comment_status":"open","ping_status":"closed","template":"","meta":[],"product_brand":[],"product_cat":[293],"product_tag":[],"class_list":{"0":"post-48362","1":"product","2":"type-product","3":"status-publish","4":"has-post-thumbnail","6":"product_cat-gacha","8":"first","9":"outofstock","10":"shipping-taxable","11":"purchasable","12":"product-type-variable","13":"has-default-attributes"},"_links":{"self":[{"href":"https:\/\/eatsjapan.com\/de\/wp-json\/wp\/v2\/product\/48362","targetHints":{"allow":["GET"]}}],"collection":[{"href":"https:\/\/eatsjapan.com\/de\/wp-json\/wp\/v2\/product"}],"about":[{"href":"https:\/\/eatsjapan.com\/de\/wp-json\/wp\/v2\/types\/product"}],"replies":[{"embeddable":true,"href":"https:\/\/eatsjapan.com\/de\/wp-json\/wp\/v2\/comments?post=48362"}],"wp:featuredmedia":[{"embeddable":true,"href":"https:\/\/eatsjapan.com\/de\/wp-json\/wp\/v2\/media\/48372"}],"wp:attachment":[{"href":"https:\/\/eatsjapan.com\/de\/wp-json\/wp\/v2\/media?parent=48362"}],"wp:term":[{"taxonomy":"product_brand","embeddable":true,"href":"https:\/\/eatsjapan.com\/de\/wp-json\/wp\/v2\/product_brand?post=48362"},{"taxonomy":"product_cat","embeddable":true,"href":"https:\/\/eatsjapan.com\/de\/wp-json\/wp\/v2\/product_cat?post=48362"},{"taxonomy":"product_tag","embeddable":true,"href":"https:\/\/eatsjapan.com\/de\/wp-json\/wp\/v2\/product_tag?post=48362"}],"curies":[{"name":"wp","href":"https:\/\/api.w.org\/{rel}","templated":true}]}}