{"id":48361,"date":"2025-05-06T17:04:04","date_gmt":"2025-05-06T08:04:04","guid":{"rendered":"https:\/\/eatsjapan.com\/products\/flavors-figure-collection-vol4-collectible\/"},"modified":"2026-04-17T01:54:51","modified_gmt":"2026-04-16T16:54:51","slug":"flavors-figure-collection-vol4-collectible","status":"publish","type":"product","link":"https:\/\/eatsjapan.com\/de\/products\/flavors-figure-collection-vol4-collectible\/","title":{"rendered":"FLAVORS Figure Collection Vol.4 - Sammelbare Anime-Statuen"},"content":{"rendered":"<p>\u25a0Aufstellung von 5 Typen einzigartiger Gegenst\u00e4nde<\/p>\n<p>1. Erdbeer-Eisbar<br \/>\n2. Vanilleeis-Riegel<br \/>\n3. Melonen-Eisbar<br \/>\n4. Soda-Eisbar<br \/>\n5. Schoko-Eisriegel<\/p>\n<p>Bitte beachten Sie, dass die Auswahl der Miniatur-Eisriegel zuf\u00e4llig erfolgt und eine bestimmte Auswahl nicht m\u00f6glich ist. Es besteht auch die M\u00f6glichkeit, dass Sie doppelte Artikel erhalten.<\/p>\n<p>Wichtiger Hinweis: Wenn Ihre Bestellung Vorbestellungsartikel enth\u00e4lt, beachten Sie bitte, dass Ihre gesamte Bestellung zusammen versandt wird, nachdem die Vorbestellungsartikel freigegeben wurden.<\/p>\n<p>Diese japanischen Gashapon, oder Kapselspielzeuge, sind ein lustiges und einzigartiges Sammlerst\u00fcck. Ganz gleich, ob Sie ein Fan von Miniaturspielzeug sind oder einfach den Charme der japanischen Kultur lieben, diese Eisbar-Spielzeuge werden Ihre Sammlung mit Sicherheit bereichern.<\/p>","protected":false},"excerpt":{"rendered":"<p>Wir pr\u00e4sentieren die 4. Ausgabe der begehrten FLAVORS Soft Vinyl Miniatur Kollektion, perfekt f\u00fcr den Hochsommer! Alle Artikel verf\u00fcgen \u00fcber bewegliche Arme f\u00fcr zus\u00e4tzlichen Spa\u00df!<br \/>\nDieses Produkt ist ein Boxset mit 6 Einzelteilen.<br \/>\n*Dies ist ein 6-teiliges Set.<\/p>","protected":false},"featured_media":48370,"comment_status":"open","ping_status":"closed","template":"","meta":[],"product_brand":[],"product_cat":[293],"product_tag":[],"class_list":{"0":"post-48361","1":"product","2":"type-product","3":"status-publish","4":"has-post-thumbnail","6":"product_cat-gacha","8":"first","9":"instock","10":"shipping-taxable","11":"purchasable","12":"product-type-variable","13":"has-default-attributes"},"_links":{"self":[{"href":"https:\/\/eatsjapan.com\/de\/wp-json\/wp\/v2\/product\/48361","targetHints":{"allow":["GET"]}}],"collection":[{"href":"https:\/\/eatsjapan.com\/de\/wp-json\/wp\/v2\/product"}],"about":[{"href":"https:\/\/eatsjapan.com\/de\/wp-json\/wp\/v2\/types\/product"}],"replies":[{"embeddable":true,"href":"https:\/\/eatsjapan.com\/de\/wp-json\/wp\/v2\/comments?post=48361"}],"wp:featuredmedia":[{"embeddable":true,"href":"https:\/\/eatsjapan.com\/de\/wp-json\/wp\/v2\/media\/48370"}],"wp:attachment":[{"href":"https:\/\/eatsjapan.com\/de\/wp-json\/wp\/v2\/media?parent=48361"}],"wp:term":[{"taxonomy":"product_brand","embeddable":true,"href":"https:\/\/eatsjapan.com\/de\/wp-json\/wp\/v2\/product_brand?post=48361"},{"taxonomy":"product_cat","embeddable":true,"href":"https:\/\/eatsjapan.com\/de\/wp-json\/wp\/v2\/product_cat?post=48361"},{"taxonomy":"product_tag","embeddable":true,"href":"https:\/\/eatsjapan.com\/de\/wp-json\/wp\/v2\/product_tag?post=48361"}],"curies":[{"name":"wp","href":"https:\/\/api.w.org\/{rel}","templated":true}]}}