{"id":48360,"date":"2025-05-06T17:04:03","date_gmt":"2025-05-06T08:04:03","guid":{"rendered":"https:\/\/eatsjapan.com\/products\/nationwide-packaged-beverage-mini-case\/"},"modified":"2026-04-17T03:48:26","modified_gmt":"2026-04-16T18:48:26","slug":"nationwide-packaged-beverage-mini-case","status":"publish","type":"product","link":"https:\/\/eatsjapan.com\/de\/products\/nationwide-packaged-beverage-mini-case\/","title":{"rendered":"Landesweit verpacktes Getr\u00e4nk Mini Case"},"content":{"rendered":"<p>Lineup 4 Varianten<br \/>\nDie Molkerei Kinji befindet sich in der Region Oku-Izumo in der Pr\u00e4fektur Shimane und produziert pasteurisierte Milch. Die Milch wird von K\u00fchen gepresst, die in gesunder Freilandhaltung aufwachsen. Diese frische Milch ist seit 1978 sehr beliebt. Durch das Pasteurisierungsverfahren beh\u00e4lt die Milch ihren nat\u00fcrlichen Geschmack, ist sehr nahrhaft und hat einen weichen, leicht zu trinkenden Geschmack.<br \/>\nTokio\uff5cKoshin Dairy, mit Hauptsitz in Tokio, hat eine Fabrik in Yachiyo City, Pr\u00e4fektur Chiba. Sie beliefert Schulen in Chiba und Teilen von Tokio mit Schulmilch. Die Figur \u201cPiroko-chan\u201d ist eine bekannte Figur auf den Minipackungen, die in der Schule zum Mittagessen serviert werden. Die Milch hat einen leichten Geschmack, den man leicht hinunterschlucken kann.<br \/>\n\u30fbPr\u00e4fektur Yamagata\uff5cTamura Milk wurde in Sakata City gegr\u00fcndet,<\/p>\n<p>\u2605 Bitte beachten:<br \/>\nMan wei\u00df nie, welche Sorte man bekommt, und das sorgt f\u00fcr ein lustiges \u00dcberraschungsmoment bei Ihrem Einkauf!<br \/>\nWenn Sie ein Duplikat erhalten, ist es ein perfektes kleines Geschenk f\u00fcr einen besonderen Menschen.<\/p>","protected":false},"excerpt":{"rendered":"<p>Wir stellen unsere entz\u00fcckenden Miniatur-Drink-Pack-Taschen vor, die von beliebten Getr\u00e4nken aus ganz Japan inspiriert sind! Diese entz\u00fcckenden kleinen Etuis fassen kleine Gegenst\u00e4nde und eignen sich perfekt, um sie an Ihrer Tasche zu befestigen oder auf Ihre Ausfl\u00fcge mitzunehmen. Sie sind vielseitig einsetzbar und bringen einen Hauch von japanischem Charme in Ihren Alltag.<\/p>\n<p>*Dies ist ein 4-teiliges Set.<\/p>","protected":false},"featured_media":48273,"comment_status":"open","ping_status":"closed","template":"","meta":[],"product_brand":[],"product_cat":[337,293],"product_tag":[],"class_list":{"0":"post-48360","1":"product","2":"type-product","3":"status-publish","4":"has-post-thumbnail","6":"product_cat-miniature-food-life","7":"product_cat-gacha","9":"first","10":"outofstock","11":"shipping-taxable","12":"purchasable","13":"product-type-variable","14":"has-default-attributes"},"_links":{"self":[{"href":"https:\/\/eatsjapan.com\/de\/wp-json\/wp\/v2\/product\/48360","targetHints":{"allow":["GET"]}}],"collection":[{"href":"https:\/\/eatsjapan.com\/de\/wp-json\/wp\/v2\/product"}],"about":[{"href":"https:\/\/eatsjapan.com\/de\/wp-json\/wp\/v2\/types\/product"}],"replies":[{"embeddable":true,"href":"https:\/\/eatsjapan.com\/de\/wp-json\/wp\/v2\/comments?post=48360"}],"wp:featuredmedia":[{"embeddable":true,"href":"https:\/\/eatsjapan.com\/de\/wp-json\/wp\/v2\/media\/48273"}],"wp:attachment":[{"href":"https:\/\/eatsjapan.com\/de\/wp-json\/wp\/v2\/media?parent=48360"}],"wp:term":[{"taxonomy":"product_brand","embeddable":true,"href":"https:\/\/eatsjapan.com\/de\/wp-json\/wp\/v2\/product_brand?post=48360"},{"taxonomy":"product_cat","embeddable":true,"href":"https:\/\/eatsjapan.com\/de\/wp-json\/wp\/v2\/product_cat?post=48360"},{"taxonomy":"product_tag","embeddable":true,"href":"https:\/\/eatsjapan.com\/de\/wp-json\/wp\/v2\/product_tag?post=48360"}],"curies":[{"name":"wp","href":"https:\/\/api.w.org\/{rel}","templated":true}]}}