{"id":48359,"date":"2025-05-06T17:04:02","date_gmt":"2025-05-06T08:04:02","guid":{"rendered":"https:\/\/eatsjapan.com\/products\/papa-buble-acrylic-charm\/"},"modified":"2026-04-08T17:47:24","modified_gmt":"2026-04-08T08:47:24","slug":"papa-buble-acryl-charme","status":"publish","type":"product","link":"https:\/\/eatsjapan.com\/de\/products\/papa-buble-acrylic-charm\/","title":{"rendered":"Papa Buble Acryl Charme"},"content":{"rendered":"<p>\u25a0Aufstellung von 5 Typen einzigartiger Gegenst\u00e4nde<br \/>\n\u30fbFrucht-Mix-Bonbons<br \/>\n\u30fbDankesch\u00f6n-Mischbonbon<br \/>\n\u30fbPfirsich-Bonbon<br \/>\n\u30fbCola-Bonbon<br \/>\n\u30fbSchokolade-Minze-Bonbon<\/p>\n<p>\u2605Zum Inhalt:<br \/>\nBitte beachten Sie, dass die Auswahl der S\u00fc\u00dfigkeiten-Geschmacksrichtung zuf\u00e4llig ist und nicht ausgew\u00e4hlt werden kann. Es besteht auch die M\u00f6glichkeit, doppelte Geschmacksrichtungen zu erhalten.<\/p>\n<p>\u2605 Bitte beachten:<br \/>\nMan wei\u00df nie, welche Sorte man bekommt, und das sorgt f\u00fcr ein lustiges \u00dcberraschungsmoment bei Ihrem Einkauf!<br \/>\nWenn Sie ein Duplikat erhalten, ist es ein perfektes kleines Geschenk f\u00fcr einen besonderen Menschen.<br \/>\nWenn Ihre Bestellung vorbestellte Artikel enth\u00e4lt, wird Ihre gesamte Bestellung zusammen versandt, sobald alle Artikel, einschlie\u00dflich der vorbestellten, verf\u00fcgbar sind.<\/p>","protected":false},"excerpt":{"rendered":"<p>Wir stellen Ihnen unsere aufregenden Acryl-Anh\u00e4nger vor, die von Papa Buble stammen, der Marke, die die Freude von Barcelonas beliebtestem S\u00fc\u00dfwarengesch\u00e4ft Waku Waku in die Welt tr\u00e4gt! Bitte beachten Sie, dass das Design im Inneren des Acrylteils des Anh\u00e4ngers gedruckt ist.<\/p>\n<p>*Dies ist ein 5-teiliges Set.<\/p>","protected":false},"featured_media":48262,"comment_status":"open","ping_status":"closed","template":"","meta":[],"product_brand":[],"product_cat":[337,293],"product_tag":[],"class_list":{"0":"post-48359","1":"product","2":"type-product","3":"status-publish","4":"has-post-thumbnail","6":"product_cat-miniature-food-life","7":"product_cat-gacha","9":"first","10":"instock","11":"shipping-taxable","12":"purchasable","13":"product-type-variable","14":"has-default-attributes"},"_links":{"self":[{"href":"https:\/\/eatsjapan.com\/de\/wp-json\/wp\/v2\/product\/48359","targetHints":{"allow":["GET"]}}],"collection":[{"href":"https:\/\/eatsjapan.com\/de\/wp-json\/wp\/v2\/product"}],"about":[{"href":"https:\/\/eatsjapan.com\/de\/wp-json\/wp\/v2\/types\/product"}],"replies":[{"embeddable":true,"href":"https:\/\/eatsjapan.com\/de\/wp-json\/wp\/v2\/comments?post=48359"}],"wp:featuredmedia":[{"embeddable":true,"href":"https:\/\/eatsjapan.com\/de\/wp-json\/wp\/v2\/media\/48262"}],"wp:attachment":[{"href":"https:\/\/eatsjapan.com\/de\/wp-json\/wp\/v2\/media?parent=48359"}],"wp:term":[{"taxonomy":"product_brand","embeddable":true,"href":"https:\/\/eatsjapan.com\/de\/wp-json\/wp\/v2\/product_brand?post=48359"},{"taxonomy":"product_cat","embeddable":true,"href":"https:\/\/eatsjapan.com\/de\/wp-json\/wp\/v2\/product_cat?post=48359"},{"taxonomy":"product_tag","embeddable":true,"href":"https:\/\/eatsjapan.com\/de\/wp-json\/wp\/v2\/product_tag?post=48359"}],"curies":[{"name":"wp","href":"https:\/\/api.w.org\/{rel}","templated":true}]}}