{"id":48358,"date":"2025-05-06T17:04:02","date_gmt":"2025-05-06T08:04:02","guid":{"rendered":"https:\/\/eatsjapan.com\/products\/nakagawa-masashichi-shoten-japanese-tableware\/"},"modified":"2026-04-05T23:38:15","modified_gmt":"2026-04-05T14:38:15","slug":"nakagawa-masashichi-shoten-japanese-tableware","status":"publish","type":"product","link":"https:\/\/eatsjapan.com\/de\/products\/nakagawa-masashichi-shoten-japanese-tableware\/","title":{"rendered":"Nakagawa Masashichi Shoten - Japanisches Geschirrset"},"content":{"rendered":"<p>\u25a0Aufstellung von 4 Typen einzigartiger Gegenst\u00e4nde<\/p>\n<p>- Mahlzeitenset: Enth\u00e4lt eine haltbare, reisfeste \u2018Bent Wappa Kohi Chawan\u2019-Schale mit rustikalem wei\u00dfem Hirschmotiv sowie sp\u00fclmaschinenfeste Lackschalen und Essst\u00e4bchen aus Holz.<br \/>\n- Teezeit-Set: Mit einer \u2018Fuyaki Senbei Shitsurindou\u2019, einer Echizen-Hartlackkanne \u2018Suigetsu Ki\u2019 und einer Nanbu-Eisenkanne \u2018Kyugen Chuzo\u2019 sowie einer \u2018Maromi Arare\u2019.<br \/>\n- Snack Time Set: Enth\u00e4lt einen \u2018Hasami-Block-Becher\u2019, einen \u2018Hasami-Teller\u2019 und eine Auswahl an lokalen japanischen Snacks wie \u2018Bouro\u2019.<br \/>\n- Abendliches Getr\u00e4nkeset: Enth\u00e4lt eine kleine Schale \u2018Barbar Iroha\u2019, ein Tablett aus Zedernholz von Yoshino, eine Sake-Flasche und Tassen aus dem Nabeshima-Kosan-Ofen \u2018Nabeshima Celadon\u2019 sowie sp\u00fclmaschinenfeste Holzst\u00e4bchen.<\/p>\n<p>\u2605 Bitte beachten:<br \/>\nMan wei\u00df nie, welche Sorte man bekommt, und das sorgt f\u00fcr ein lustiges \u00dcberraschungsmoment bei Ihrem Einkauf!<br \/>\nWenn Sie ein Duplikat erhalten, ist es ein perfektes kleines Geschenk f\u00fcr einen besonderen Menschen.<\/p>","protected":false},"excerpt":{"rendered":"<p>Erleben Sie die Lebendigkeit der japanischen Handwerkskunst mit Nakagawa Masashichi Shoten! Unser reichhaltig strukturiertes Geschirr bringt einen Moment der Ruhe direkt zu Ihnen nach Hause. Jeder Artikel wird mit einer Einkaufstasche mit Markenzeichen geliefert, damit Sie es bequem haben.<br \/>\n*Dies ist ein 12-teiliges Set.<\/p>","protected":false},"featured_media":48178,"comment_status":"open","ping_status":"closed","template":"","meta":[],"product_brand":[],"product_cat":[337,333,293,339],"product_tag":[],"class_list":{"0":"post-48358","1":"product","2":"type-product","3":"status-publish","4":"has-post-thumbnail","6":"product_cat-miniature-food-life","7":"product_cat-japanese-culture-toys","8":"product_cat-gacha","9":"product_cat-retro-nostalgic-toys","11":"first","12":"outofstock","13":"shipping-taxable","14":"purchasable","15":"product-type-variable","16":"has-default-attributes"},"_links":{"self":[{"href":"https:\/\/eatsjapan.com\/de\/wp-json\/wp\/v2\/product\/48358","targetHints":{"allow":["GET"]}}],"collection":[{"href":"https:\/\/eatsjapan.com\/de\/wp-json\/wp\/v2\/product"}],"about":[{"href":"https:\/\/eatsjapan.com\/de\/wp-json\/wp\/v2\/types\/product"}],"replies":[{"embeddable":true,"href":"https:\/\/eatsjapan.com\/de\/wp-json\/wp\/v2\/comments?post=48358"}],"wp:featuredmedia":[{"embeddable":true,"href":"https:\/\/eatsjapan.com\/de\/wp-json\/wp\/v2\/media\/48178"}],"wp:attachment":[{"href":"https:\/\/eatsjapan.com\/de\/wp-json\/wp\/v2\/media?parent=48358"}],"wp:term":[{"taxonomy":"product_brand","embeddable":true,"href":"https:\/\/eatsjapan.com\/de\/wp-json\/wp\/v2\/product_brand?post=48358"},{"taxonomy":"product_cat","embeddable":true,"href":"https:\/\/eatsjapan.com\/de\/wp-json\/wp\/v2\/product_cat?post=48358"},{"taxonomy":"product_tag","embeddable":true,"href":"https:\/\/eatsjapan.com\/de\/wp-json\/wp\/v2\/product_tag?post=48358"}],"curies":[{"name":"wp","href":"https:\/\/api.w.org\/{rel}","templated":true}]}}