{"id":48357,"date":"2025-05-06T17:04:01","date_gmt":"2025-05-06T08:04:01","guid":{"rendered":"https:\/\/eatsjapan.com\/products\/yona-yona-ale-ball-chain\/"},"modified":"2026-04-05T23:38:19","modified_gmt":"2026-04-05T14:38:19","slug":"yona-yona-ale-ball-chain","status":"publish","type":"product","link":"https:\/\/eatsjapan.com\/de\/products\/yona-yona-ale-ball-chain\/","title":{"rendered":"Yona Yona Ale Kugelkette Maskottchen"},"content":{"rendered":"<p>Aufstellung von 5 Arten einzigartigen japanischen Craft-Bier-Spielzeugs<br \/>\n\u30fbYONA YONA ALE<br \/>\n\u30fbSUIYOUBI NO NEKO (Mittwochs Katze)<br \/>\n\u30fbAOONI IPA (Blauer D\u00e4mon aus Indien)<br \/>\n\u30fbBOKU BEER KIMI BEER (Mein Bier, dein Bier)<br \/>\nSINNLOSER SATAN<\/p>\n<p>\u2605 Bitte beachten:<br \/>\nMan wei\u00df nie, welche Sorte man bekommt, und das sorgt f\u00fcr ein lustiges \u00dcberraschungsmoment bei Ihrem Einkauf!<br \/>\nWenn Sie ein Duplikat erhalten, ist es ein perfektes kleines Geschenk f\u00fcr einen besonderen Menschen.<\/p>","protected":false},"excerpt":{"rendered":"<p>Erleben Sie eine besondere Nacht mit unserem Yona Yona Ale Ball Chain Maskottchen! Dieses einzigartige Sammlerst\u00fcck ist eine Miniaturversion unserer Verpackung vom Juli 2024. Dieses Produkt wird in einem Box-Set mit 12 einzelnen Maskottchen geliefert. Perfekt f\u00fcr Liebhaber des japanischen Bieres und Sammler von Miniaturspielzeug gleicherma\u00dfen!<br \/>\n*Dies ist ein 12-teiliges Set.<\/p>","protected":false},"featured_media":48294,"comment_status":"open","ping_status":"closed","template":"","meta":[],"product_brand":[],"product_cat":[337,293],"product_tag":[],"class_list":{"0":"post-48357","1":"product","2":"type-product","3":"status-publish","4":"has-post-thumbnail","6":"product_cat-miniature-food-life","7":"product_cat-gacha","9":"first","10":"instock","11":"shipping-taxable","12":"purchasable","13":"product-type-variable","14":"has-default-attributes"},"_links":{"self":[{"href":"https:\/\/eatsjapan.com\/de\/wp-json\/wp\/v2\/product\/48357","targetHints":{"allow":["GET"]}}],"collection":[{"href":"https:\/\/eatsjapan.com\/de\/wp-json\/wp\/v2\/product"}],"about":[{"href":"https:\/\/eatsjapan.com\/de\/wp-json\/wp\/v2\/types\/product"}],"replies":[{"embeddable":true,"href":"https:\/\/eatsjapan.com\/de\/wp-json\/wp\/v2\/comments?post=48357"}],"wp:featuredmedia":[{"embeddable":true,"href":"https:\/\/eatsjapan.com\/de\/wp-json\/wp\/v2\/media\/48294"}],"wp:attachment":[{"href":"https:\/\/eatsjapan.com\/de\/wp-json\/wp\/v2\/media?parent=48357"}],"wp:term":[{"taxonomy":"product_brand","embeddable":true,"href":"https:\/\/eatsjapan.com\/de\/wp-json\/wp\/v2\/product_brand?post=48357"},{"taxonomy":"product_cat","embeddable":true,"href":"https:\/\/eatsjapan.com\/de\/wp-json\/wp\/v2\/product_cat?post=48357"},{"taxonomy":"product_tag","embeddable":true,"href":"https:\/\/eatsjapan.com\/de\/wp-json\/wp\/v2\/product_tag?post=48357"}],"curies":[{"name":"wp","href":"https:\/\/api.w.org\/{rel}","templated":true}]}}