{"id":48355,"date":"2025-05-06T17:04:00","date_gmt":"2025-05-06T08:04:00","guid":{"rendered":"https:\/\/eatsjapan.com\/products\/traditional-japanese-sweets-acrylic-charm\/"},"modified":"2026-04-14T05:42:43","modified_gmt":"2026-04-13T20:42:43","slug":"traditional-japanese-sweets-acrylic-charm","status":"publish","type":"product","link":"https:\/\/eatsjapan.com\/de\/products\/traditional-japanese-sweets-acrylic-charm\/","title":{"rendered":"Traditionelle japanische S\u00fc\u00dfigkeiten Acryl Charme"},"content":{"rendered":"<p>\u25a0Aufstellung von 5 Typen einzigartiger Gegenst\u00e4nde<\/p>\n<p>1. Spezielle Kekse von IZUMIYA TOKYOTEN Co., Ltd.<br \/>\n2. Yukari Shrimp Senbei (Reiscracker) von BANKAKU Co., Ltd.<br \/>\n3. Baumkuchen von Juchheim Co., Ltd.<br \/>\n4. Kurumikko (Walnuss-Snack) aus Kamakura Beniya.<br \/>\n5. Umeboshi-Bonbons von EITARO Sohonpo Co.<\/p>\n<p>\u2605 Bitte beachten:<br \/>\nMan wei\u00df nie, welche Sorte man bekommt, und das sorgt f\u00fcr ein lustiges \u00dcberraschungsmoment bei Ihrem Einkauf!<br \/>\nWenn Sie ein Duplikat erhalten, ist es ein perfektes kleines Geschenk f\u00fcr einen besonderen Menschen.<\/p>","protected":false},"excerpt":{"rendered":"<p>Ein stilvoller Drahtanh\u00e4nger mit drei der historischsten und k\u00f6stlichsten S\u00fc\u00dfigkeiten Japans!<br \/>\nBitte beachten Sie, dass dieses Produkt als Set von f\u00fcnf St\u00fcck in Kapselform geliefert wird. Perfekt f\u00fcr Sammler und Liebhaber von japanischem Miniaturspielzeug und Gashapon, sind diese Anh\u00e4nger eine reizvolle Mischung aus Tradition und Mode!<br \/>\n*Dies ist ein 5-teiliges Set.<\/p>","protected":false},"featured_media":48386,"comment_status":"open","ping_status":"closed","template":"","meta":[],"product_brand":[],"product_cat":[337,333,293,339],"product_tag":[],"class_list":{"0":"post-48355","1":"product","2":"type-product","3":"status-publish","4":"has-post-thumbnail","6":"product_cat-miniature-food-life","7":"product_cat-japanese-culture-toys","8":"product_cat-gacha","9":"product_cat-retro-nostalgic-toys","11":"first","12":"instock","13":"shipping-taxable","14":"purchasable","15":"product-type-variable","16":"has-default-attributes"},"_links":{"self":[{"href":"https:\/\/eatsjapan.com\/de\/wp-json\/wp\/v2\/product\/48355","targetHints":{"allow":["GET"]}}],"collection":[{"href":"https:\/\/eatsjapan.com\/de\/wp-json\/wp\/v2\/product"}],"about":[{"href":"https:\/\/eatsjapan.com\/de\/wp-json\/wp\/v2\/types\/product"}],"replies":[{"embeddable":true,"href":"https:\/\/eatsjapan.com\/de\/wp-json\/wp\/v2\/comments?post=48355"}],"wp:featuredmedia":[{"embeddable":true,"href":"https:\/\/eatsjapan.com\/de\/wp-json\/wp\/v2\/media\/48386"}],"wp:attachment":[{"href":"https:\/\/eatsjapan.com\/de\/wp-json\/wp\/v2\/media?parent=48355"}],"wp:term":[{"taxonomy":"product_brand","embeddable":true,"href":"https:\/\/eatsjapan.com\/de\/wp-json\/wp\/v2\/product_brand?post=48355"},{"taxonomy":"product_cat","embeddable":true,"href":"https:\/\/eatsjapan.com\/de\/wp-json\/wp\/v2\/product_cat?post=48355"},{"taxonomy":"product_tag","embeddable":true,"href":"https:\/\/eatsjapan.com\/de\/wp-json\/wp\/v2\/product_tag?post=48355"}],"curies":[{"name":"wp","href":"https:\/\/api.w.org\/{rel}","templated":true}]}}