{"id":48354,"date":"2025-05-06T17:04:00","date_gmt":"2025-05-06T08:04:00","guid":{"rendered":"https:\/\/eatsjapan.com\/products\/showa-nostalgic-series-memories-of\/"},"modified":"2026-04-07T19:44:44","modified_gmt":"2026-04-07T10:44:44","slug":"showa-nostalgic-series-memories-of","status":"publish","type":"product","link":"https:\/\/eatsjapan.com\/de\/products\/showa-nostalgic-series-memories-of\/","title":{"rendered":"Showa Nostalgische Serie: Erinnerungen an Schulausfl\u00fcge"},"content":{"rendered":"<p>\u25a0Aufstellung von 4 Typen einzigartiger Gegenst\u00e4nde<\/p>\n<p>1. Rucksack | Mizuno Bag Co., Ltd.<br \/>\n2. Entspannungsset - Thermoskanne | Peacock Vacuum Bottle Co., Ltd. und Freizeittuch | Asahi Koyo Co., Ltd.<br \/>\n3. Bento Box Set - Kleines Picknick-Set | Nishiki Kasei Co., Ltd. &amp; Handtuch &amp; Tasche<br \/>\n4. Snack-Set - Cut Yocchan | Yocchan Food Industry Co., Ltd., Heart Chipple | Riska Co., Ltd., Banane und Lesezeichen f\u00fcr den Ausflug<\/p>\n<p>\u2605 Bitte beachten:<br \/>\nMan wei\u00df nie, welche Sorte man bekommt, und das sorgt f\u00fcr ein lustiges \u00dcberraschungsmoment bei Ihrem Einkauf!<br \/>\nWenn Sie ein Duplikat erhalten, ist es ein perfektes kleines Geschenk f\u00fcr einen besonderen Menschen.<\/p>\n<p>Diese Sammlung ist eine perfekte Darstellung japanischer Miniaturspielzeuge und damit eine fantastische Erg\u00e4nzung<\/p>","protected":false},"excerpt":{"rendered":"<p>Wir pr\u00e4sentieren den 4. Teil unserer Showa Nostalgic Series! Diese Kollektion wird Sie in die gute alte Zeit zur\u00fcckversetzen und die sch\u00f6nsten Erinnerungen an die Showa-Zeit wieder aufleben lassen.<br \/>\n*Dies ist ein 4-teiliges Set.<\/p>","protected":false},"featured_media":48338,"comment_status":"open","ping_status":"closed","template":"","meta":[],"product_brand":[],"product_cat":[333,293,339],"product_tag":[],"class_list":{"0":"post-48354","1":"product","2":"type-product","3":"status-publish","4":"has-post-thumbnail","6":"product_cat-japanese-culture-toys","7":"product_cat-gacha","8":"product_cat-retro-nostalgic-toys","10":"first","11":"instock","12":"shipping-taxable","13":"purchasable","14":"product-type-variable","15":"has-default-attributes"},"_links":{"self":[{"href":"https:\/\/eatsjapan.com\/de\/wp-json\/wp\/v2\/product\/48354","targetHints":{"allow":["GET"]}}],"collection":[{"href":"https:\/\/eatsjapan.com\/de\/wp-json\/wp\/v2\/product"}],"about":[{"href":"https:\/\/eatsjapan.com\/de\/wp-json\/wp\/v2\/types\/product"}],"replies":[{"embeddable":true,"href":"https:\/\/eatsjapan.com\/de\/wp-json\/wp\/v2\/comments?post=48354"}],"wp:featuredmedia":[{"embeddable":true,"href":"https:\/\/eatsjapan.com\/de\/wp-json\/wp\/v2\/media\/48338"}],"wp:attachment":[{"href":"https:\/\/eatsjapan.com\/de\/wp-json\/wp\/v2\/media?parent=48354"}],"wp:term":[{"taxonomy":"product_brand","embeddable":true,"href":"https:\/\/eatsjapan.com\/de\/wp-json\/wp\/v2\/product_brand?post=48354"},{"taxonomy":"product_cat","embeddable":true,"href":"https:\/\/eatsjapan.com\/de\/wp-json\/wp\/v2\/product_cat?post=48354"},{"taxonomy":"product_tag","embeddable":true,"href":"https:\/\/eatsjapan.com\/de\/wp-json\/wp\/v2\/product_tag?post=48354"}],"curies":[{"name":"wp","href":"https:\/\/api.w.org\/{rel}","templated":true}]}}