{"id":48352,"date":"2025-05-06T17:03:59","date_gmt":"2025-05-06T08:03:59","guid":{"rendered":"https:\/\/eatsjapan.com\/products\/teddy-tardigrade-figure-collection\/"},"modified":"2026-04-05T23:38:21","modified_gmt":"2026-04-05T14:38:21","slug":"teddy-tardigrade-figure-collection","status":"publish","type":"product","link":"https:\/\/eatsjapan.com\/de\/products\/teddy-tardigrade-figure-collection\/","title":{"rendered":"Teddy B\u00e4rtierchen Figurensammlung"},"content":{"rendered":"<p>\u25a0Aufstellung von 4 Typen<br \/>\n- Teddy Wasserb\u00e4r in BROWN<br \/>\n- Teddy-Wasserb\u00e4r in Elfenbein<br \/>\n- Teddy-Wasserb\u00e4r in GELB<br \/>\n- Teddy-Wasserb\u00e4r in PINK<\/p>\n<p>\u2605 Bitte beachten:<br \/>\nMan wei\u00df nie, welche Sorte man bekommt, und das sorgt f\u00fcr ein lustiges \u00dcberraschungsmoment bei Ihrem Einkauf!<br \/>\nWenn Sie ein Duplikat erhalten, ist es ein perfektes kleines Geschenk f\u00fcr einen besonderen Menschen.<\/p>","protected":false},"excerpt":{"rendered":"<p>\u201cAuch B\u00e4rtierchen wollen Teddyb\u00e4ren sein!\u201d Eine bezaubernde Figurenkreation der K\u00fcnstlerin Keiko Otawara, eine leidenschaftliche Verschmelzung des Konzepts \u201cst\u00e4rkste Kreatur x s\u00fc\u00dfer B\u00e4r\u201d.<br \/>\nUnsere Figuren haben eine flauschige, beflockte Oberfl\u00e4che f\u00fcr alle Typen, mit beweglichen Armen an der Oberseite. Bitte beachten Sie, dass es sich bei diesem Produkt um ein Boxset mit 4 Figuren handelt.<br \/>\nDiese entz\u00fcckende Mischung aus dem unverw\u00fcstlichen japanischen B\u00e4rtierchen, auch bekannt als \u201cWasserb\u00e4r\u201d, und dem geliebten Teddyb\u00e4r ist ein unwiderstehliches Miniatur-Sammelspielzeug f\u00fcr alle Liebhaber. Holen Sie sich diese einzigartigen japanischen Gashapon-Kapselspielzeuge und f\u00fcgen Sie Ihrer Sammlung einen Hauch von Laune hinzu!<br \/>\n*Dies ist ein 4-teiliges Set.<\/p>","protected":false},"featured_media":48388,"comment_status":"open","ping_status":"closed","template":"","meta":[],"product_brand":[],"product_cat":[338,293],"product_tag":[],"class_list":{"0":"post-48352","1":"product","2":"type-product","3":"status-publish","4":"has-post-thumbnail","6":"product_cat-animal-pet-toys","7":"product_cat-gacha","9":"first","10":"instock","11":"shipping-taxable","12":"purchasable","13":"product-type-variable","14":"has-default-attributes"},"_links":{"self":[{"href":"https:\/\/eatsjapan.com\/de\/wp-json\/wp\/v2\/product\/48352","targetHints":{"allow":["GET"]}}],"collection":[{"href":"https:\/\/eatsjapan.com\/de\/wp-json\/wp\/v2\/product"}],"about":[{"href":"https:\/\/eatsjapan.com\/de\/wp-json\/wp\/v2\/types\/product"}],"replies":[{"embeddable":true,"href":"https:\/\/eatsjapan.com\/de\/wp-json\/wp\/v2\/comments?post=48352"}],"wp:featuredmedia":[{"embeddable":true,"href":"https:\/\/eatsjapan.com\/de\/wp-json\/wp\/v2\/media\/48388"}],"wp:attachment":[{"href":"https:\/\/eatsjapan.com\/de\/wp-json\/wp\/v2\/media?parent=48352"}],"wp:term":[{"taxonomy":"product_brand","embeddable":true,"href":"https:\/\/eatsjapan.com\/de\/wp-json\/wp\/v2\/product_brand?post=48352"},{"taxonomy":"product_cat","embeddable":true,"href":"https:\/\/eatsjapan.com\/de\/wp-json\/wp\/v2\/product_cat?post=48352"},{"taxonomy":"product_tag","embeddable":true,"href":"https:\/\/eatsjapan.com\/de\/wp-json\/wp\/v2\/product_tag?post=48352"}],"curies":[{"name":"wp","href":"https:\/\/api.w.org\/{rel}","templated":true}]}}