{"id":48349,"date":"2025-05-24T11:08:00","date_gmt":"2025-05-24T02:08:00","guid":{"rendered":"https:\/\/eatsjapan.com\/products\/lotteria-miniature-collection-fast-food\/"},"modified":"2026-04-17T01:54:28","modified_gmt":"2026-04-16T16:54:28","slug":"lotteria-miniature-collection-fast-food","status":"publish","type":"product","link":"https:\/\/eatsjapan.com\/de\/products\/lotteria-miniature-collection-fast-food\/","title":{"rendered":"Lotteria Miniaturensammlung - Fast Food Miniaturen"},"content":{"rendered":"<p>\u25a0Aufstellung von 5 Typen<\/p>\n<p>1. Leckerer Cheeseburger &amp; Vanille-Shake - Mit eigenem Geschenkpapier!<br \/>\n2. Knusprige Kartoffeln (Geschmacksrichtung Butter-Sojasauce) &amp; Cola - Die beiden Kartoffelst\u00fccke kommen als separate Teile!<br \/>\n3. Shrimp Burger &amp; Melon Soda Float - Kommt auch mit eigenem Geschenkpapier!<br \/>\n4. Rib Sandwich Pork &amp; Hot Coffee - eingewickelt wie das Original!<br \/>\n5. Leuchtschild mit Magnet - Schalten Sie es ein und es leuchtet!<\/p>\n<p>\u2605 Bitte beachten:<br \/>\n-Man wei\u00df nie, welche Sorte man bekommt - das sorgt f\u00fcr einen \u00dcberraschungseffekt beim Kauf!<br \/>\n-Wenn Sie ein Duplikat erhalten, ist es ein perfektes kleines Geschenk f\u00fcr einen besonderen Menschen.<br \/>\n-Die Batterien in den Spielzeugen sind nicht austauschbar. Wir bitten um Ihr Verst\u00e4ndnis.<\/p>\n<p>Wichtige Informationen:<br \/>\nWenn Sie diesen Artikel zusammen mit einem Vorbestellungsartikel bestellen, beachten Sie bitte, dass alle Artikel zusammen versandt werden, sobald der Vorbestellungsartikel freigegeben ist. Damit soll sichergestellt werden, dass<\/p>","protected":false},"excerpt":{"rendered":"<p>Wir stellen Ihnen Miniaturversionen der beliebtesten Lotteria-Men\u00fcs vor, direkt aus Japan! Jedes St\u00fcck wird mit einer Mini-Rechnung geliefert, die f\u00fcr einen zus\u00e4tzlichen Hauch von Authentizit\u00e4t sorgt.<br \/>\n*Dies ist ein 6-teiliges Set.<\/p>\n<p>Diese Sammlerminiaturen sind perfekt f\u00fcr Fans der japanischen Kultur und von Gashapon-Kapselspielzeug. Egal, ob Sie ein begeisterter Sammler sind oder einfach nur ein einzigartiges Geschenk suchen, diese kleinen Sch\u00e4tze werden Sie sicher begeistern. Genie\u00dfen Sie den Spa\u00df, ein St\u00fcck Lotteria, eine der beliebtesten Fast-Food-Ketten Japans, in Ihrer Hand zu halten.<\/p>","protected":false},"featured_media":48799,"comment_status":"open","ping_status":"closed","template":"","meta":[],"product_brand":[],"product_cat":[293],"product_tag":[],"class_list":{"0":"post-48349","1":"product","2":"type-product","3":"status-publish","4":"has-post-thumbnail","6":"product_cat-gacha","8":"first","9":"outofstock","10":"shipping-taxable","11":"purchasable","12":"product-type-variable","13":"has-default-attributes"},"_links":{"self":[{"href":"https:\/\/eatsjapan.com\/de\/wp-json\/wp\/v2\/product\/48349","targetHints":{"allow":["GET"]}}],"collection":[{"href":"https:\/\/eatsjapan.com\/de\/wp-json\/wp\/v2\/product"}],"about":[{"href":"https:\/\/eatsjapan.com\/de\/wp-json\/wp\/v2\/types\/product"}],"replies":[{"embeddable":true,"href":"https:\/\/eatsjapan.com\/de\/wp-json\/wp\/v2\/comments?post=48349"}],"wp:featuredmedia":[{"embeddable":true,"href":"https:\/\/eatsjapan.com\/de\/wp-json\/wp\/v2\/media\/48799"}],"wp:attachment":[{"href":"https:\/\/eatsjapan.com\/de\/wp-json\/wp\/v2\/media?parent=48349"}],"wp:term":[{"taxonomy":"product_brand","embeddable":true,"href":"https:\/\/eatsjapan.com\/de\/wp-json\/wp\/v2\/product_brand?post=48349"},{"taxonomy":"product_cat","embeddable":true,"href":"https:\/\/eatsjapan.com\/de\/wp-json\/wp\/v2\/product_cat?post=48349"},{"taxonomy":"product_tag","embeddable":true,"href":"https:\/\/eatsjapan.com\/de\/wp-json\/wp\/v2\/product_tag?post=48349"}],"curies":[{"name":"wp","href":"https:\/\/api.w.org\/{rel}","templated":true}]}}