{"id":48348,"date":"2025-05-24T11:04:00","date_gmt":"2025-05-24T02:04:00","guid":{"rendered":"https:\/\/eatsjapan.com\/products\/self-destruct-button-capsule-toy\/"},"modified":"2026-04-30T01:57:22","modified_gmt":"2026-04-29T16:57:22","slug":"self-destruct-button-capsule-toy","status":"publish","type":"product","link":"https:\/\/eatsjapan.com\/de\/products\/self-destruct-button-capsule-toy\/","title":{"rendered":"Selbstzerst\u00f6rungs-Kapsel Spielzeug"},"content":{"rendered":"<p>Dies ist ein Kapselspielzeug, das einen Gegenstand enth\u00e4lt.<br \/>\n\u25a0Aufstellung von 5 Typen<br \/>\n\u30fbROTE KLANGART -A-<br \/>\n\u30fbGRAUER KLANG TYP -A-<br \/>\n\u30fbSCHWARZER TON TYP -B-<br \/>\n\u30fbGR\u00dcNE TONART -B-<br \/>\n\u30fbKLARES GER\u00c4USCH TYP -C-<\/p>\n<p>\u2605\u00dcber den Inhalt<br \/>\nBitte beachten Sie, dass die Inhalte nicht ausw\u00e4hlbar sind.<br \/>\nEs besteht die M\u00f6glichkeit, dass Sie doppelte Sendungen erhalten.<br \/>\nDie Batterie ist nicht austauschbar und f\u00fcr den einmaligen Gebrauch bestimmt. Wir bitten um Ihr Verst\u00e4ndnis.<\/p>\n<p>\u2605Bitte seien Sie achtsam<br \/>\nWenn Sie diesen Artikel zusammen mit einem Vorbestellungsartikel bestellen, wird Ihre gesamte Bestellung zusammen versandt, sobald der Vorbestellungsartikel freigegeben ist. Wir danken Ihnen f\u00fcr Ihr Verst\u00e4ndnis.<\/p>\n<p>Diese Sammlung japanischer Kapselspielzeuge (Gashapon) ist ein Muss f\u00fcr Sammler und Fans von Miniaturspielzeug. Egal, ob Sie ein erfahrener Sammler oder ein Neuling in der Welt der Gashapon sind, diese einzigartigen, mit Ger\u00e4uschen versehenen Spielzeuge werden Sie sicher begeistern. Denken Sie daran, dass der Reiz von Gashapon in der \u00dcberraschung liegt - Sie wissen nie, welches Sie bekommen!<\/p>","protected":false},"excerpt":{"rendered":"<p>Licht an! \u00d6ffne den Deckel! Dr\u00fccke f\u00fcr ein Ger\u00e4usch! Dies ist ein lustiges und einfach zu bedienendes \u201cSelbstzerst\u00f6rungs\u201d-Spielzeug. Drei verschiedene Ger\u00e4usche sorgen jedes Mal f\u00fcr eine \u00dcberraschung. *Bitte beachten Sie, dass jeder Artikel nur eine Art von Ger\u00e4usch abspielt.<br \/>\nIm Lieferumfang enthalten sind ein Halter mit Magnet und eine Kugelkette!<br \/>\n*Diese sammelbaren Miniaturspielzeuge, auf Japanisch \u201cGashapon\u201d genannt, sind perfekt f\u00fcr jeden Sammler oder Gelegenheitsfan. Man wei\u00df nie, welchen Typ man bekommt, was den \u00dcberraschungseffekt beim Kauf erh\u00f6ht. Genie\u00dfen Sie dieses einzigartige St\u00fcck japanischer Kultur!<\/p>","protected":false},"featured_media":48738,"comment_status":"open","ping_status":"closed","template":"","meta":[],"product_brand":[],"product_cat":[293,335],"product_tag":[],"class_list":{"0":"post-48348","1":"product","2":"type-product","3":"status-publish","4":"has-post-thumbnail","6":"product_cat-gacha","7":"product_cat-weird-funny-toys","9":"first","10":"outofstock","11":"shipping-taxable","12":"purchasable","13":"product-type-variable","14":"has-default-attributes"},"_links":{"self":[{"href":"https:\/\/eatsjapan.com\/de\/wp-json\/wp\/v2\/product\/48348","targetHints":{"allow":["GET"]}}],"collection":[{"href":"https:\/\/eatsjapan.com\/de\/wp-json\/wp\/v2\/product"}],"about":[{"href":"https:\/\/eatsjapan.com\/de\/wp-json\/wp\/v2\/types\/product"}],"replies":[{"embeddable":true,"href":"https:\/\/eatsjapan.com\/de\/wp-json\/wp\/v2\/comments?post=48348"}],"wp:featuredmedia":[{"embeddable":true,"href":"https:\/\/eatsjapan.com\/de\/wp-json\/wp\/v2\/media\/48738"}],"wp:attachment":[{"href":"https:\/\/eatsjapan.com\/de\/wp-json\/wp\/v2\/media?parent=48348"}],"wp:term":[{"taxonomy":"product_brand","embeddable":true,"href":"https:\/\/eatsjapan.com\/de\/wp-json\/wp\/v2\/product_brand?post=48348"},{"taxonomy":"product_cat","embeddable":true,"href":"https:\/\/eatsjapan.com\/de\/wp-json\/wp\/v2\/product_cat?post=48348"},{"taxonomy":"product_tag","embeddable":true,"href":"https:\/\/eatsjapan.com\/de\/wp-json\/wp\/v2\/product_tag?post=48348"}],"curies":[{"name":"wp","href":"https:\/\/api.w.org\/{rel}","templated":true}]}}