{"id":48347,"date":"2025-06-03T09:45:00","date_gmt":"2025-06-03T00:45:00","guid":{"rendered":"https:\/\/eatsjapan.com\/products\/takuma-fujisakis-3d-monster-encyclopedia\/"},"modified":"2026-04-17T03:48:07","modified_gmt":"2026-04-16T18:48:07","slug":"takuma-fujisakis-monster-encyclopedia","status":"publish","type":"product","link":"https:\/\/eatsjapan.com\/de\/products\/takuma-fujisakis-monster-encyclopedia\/","title":{"rendered":"Takuma Fujisakis Monster-Enzyklop\u00e4die: Tokio-Monster-Universum"},"content":{"rendered":"<p>\u25a0Aufstellung von 4 Typen<br \/>\nCyber Beast\uff5cPandum<br \/>\nWeltraummonster\uff5cMagrologie<br \/>\nRaummonster\uff5cModifizierte Gamagora<br \/>\nMetropolen-Monster\uff5cNyagon<\/p>\n<p>\u2605 Bitte beachten:<br \/>\n-Man wei\u00df nie, welche Sorte man bekommt - das sorgt f\u00fcr einen \u00dcberraschungseffekt beim Kauf!<br \/>\n-Wenn Sie ein Duplikat erhalten, ist es ein perfektes kleines Geschenk f\u00fcr einen besonderen Menschen.<\/p>\n<p>\u2605Bitte seien Sie achtsam<br \/>\nWenn Sie mit einem Vorbestellungsartikel bestellen, wird Ihre gesamte Bestellung nach der Ver\u00f6ffentlichung des Vorbestellungsartikels zusammen versandt. Wir bitten um Ihr Verst\u00e4ndnis, dass dies auf dem japanischen Gashapon- und Miniaturspielzeugmarkt \u00fcblich ist. Diese Collectible Capsule Toys sollen Sie \u00fcberraschen und erfreuen, und wir hoffen, dass Sie die Spannung beim Auspacken genie\u00dfen.<\/p>","protected":false},"excerpt":{"rendered":"<p>Dieses Produkt wird in einem 4er-Set geliefert.<\/p>","protected":false},"featured_media":48447,"comment_status":"open","ping_status":"closed","template":"","meta":[],"product_brand":[],"product_cat":[333,293],"product_tag":[],"class_list":{"0":"post-48347","1":"product","2":"type-product","3":"status-publish","4":"has-post-thumbnail","6":"product_cat-japanese-culture-toys","7":"product_cat-gacha","9":"first","10":"instock","11":"shipping-taxable","12":"purchasable","13":"product-type-variable","14":"has-default-attributes"},"_links":{"self":[{"href":"https:\/\/eatsjapan.com\/de\/wp-json\/wp\/v2\/product\/48347","targetHints":{"allow":["GET"]}}],"collection":[{"href":"https:\/\/eatsjapan.com\/de\/wp-json\/wp\/v2\/product"}],"about":[{"href":"https:\/\/eatsjapan.com\/de\/wp-json\/wp\/v2\/types\/product"}],"replies":[{"embeddable":true,"href":"https:\/\/eatsjapan.com\/de\/wp-json\/wp\/v2\/comments?post=48347"}],"wp:featuredmedia":[{"embeddable":true,"href":"https:\/\/eatsjapan.com\/de\/wp-json\/wp\/v2\/media\/48447"}],"wp:attachment":[{"href":"https:\/\/eatsjapan.com\/de\/wp-json\/wp\/v2\/media?parent=48347"}],"wp:term":[{"taxonomy":"product_brand","embeddable":true,"href":"https:\/\/eatsjapan.com\/de\/wp-json\/wp\/v2\/product_brand?post=48347"},{"taxonomy":"product_cat","embeddable":true,"href":"https:\/\/eatsjapan.com\/de\/wp-json\/wp\/v2\/product_cat?post=48347"},{"taxonomy":"product_tag","embeddable":true,"href":"https:\/\/eatsjapan.com\/de\/wp-json\/wp\/v2\/product_tag?post=48347"}],"curies":[{"name":"wp","href":"https:\/\/api.w.org\/{rel}","templated":true}]}}