{"id":47785,"date":"2025-04-27T09:53:41","date_gmt":"2025-04-27T00:53:41","guid":{"rendered":"https:\/\/eatsjapan.com\/products\/osaka-metro-sign-mascots\/"},"modified":"2026-04-09T17:53:26","modified_gmt":"2026-04-09T08:53:26","slug":"osaka-metro-sign-mascots","status":"publish","type":"product","link":"https:\/\/eatsjapan.com\/de\/products\/osaka-metro-sign-mascots\/","title":{"rendered":"Osaka Metro Zeichen Maskottchen"},"content":{"rendered":"<p>Eine lustige, von der Osakaer Metro inspirierte Sammelserie! Diese Spielzeugkapsel-Kollektion enth\u00e4lt ikonische Nachbildungen von Zuglinien und mehr!<\/p>\n<p>Aufstellung (6 Typen):<br \/>\nOsaka Metro Symbol Mark<br \/>\nOsaka Metro Signboard Magnet (nicht leuchtend)<br \/>\nMidosuji-Linie<br \/>\nTanimachi-Linie<br \/>\nImazatosuji-Linie<br \/>\nNagahori Tsurumi-ryokuchi Linie<\/p>\n<p>\u2605 Bitte beachten:<br \/>\nMan wei\u00df nie, welche Sorte man bekommt, und das sorgt f\u00fcr ein lustiges \u00dcberraschungsmoment bei Ihrem Einkauf!<br \/>\nWenn Sie ein Duplikat erhalten, ist es ein perfektes kleines Geschenk f\u00fcr einen besonderen Menschen.<br \/>\nDie Batterien werden nur einmal verwendet und k\u00f6nnen nicht ersetzt werden.<br \/>\nBitte entfernen Sie die Isolierfolie vor dem Gebrauch.<\/p>","protected":false},"excerpt":{"rendered":"<p>Ein Licht, das sich einschaltet, und ein Magnet: Feiern Sie die Osakaer Metro mit diesen niedlichen und sammelbaren Schildmaskottchen! Das Set enth\u00e4lt 6 St\u00fcck in einer Schachtel, jedes mit einem leuchtenden Design. Eine lustige Art, deine Liebe zu Osaka und seinem kultigen Transportsystem zu zeigen.<br \/>\n*Dies ist ein 6-teiliges Set.<\/p>","protected":false},"featured_media":47809,"comment_status":"open","ping_status":"closed","template":"","meta":[],"product_brand":[],"product_cat":[337,333,293],"product_tag":[],"class_list":{"0":"post-47785","1":"product","2":"type-product","3":"status-publish","4":"has-post-thumbnail","6":"product_cat-miniature-food-life","7":"product_cat-japanese-culture-toys","8":"product_cat-gacha","10":"first","11":"instock","12":"shipping-taxable","13":"purchasable","14":"product-type-variable","15":"has-default-attributes"},"_links":{"self":[{"href":"https:\/\/eatsjapan.com\/de\/wp-json\/wp\/v2\/product\/47785","targetHints":{"allow":["GET"]}}],"collection":[{"href":"https:\/\/eatsjapan.com\/de\/wp-json\/wp\/v2\/product"}],"about":[{"href":"https:\/\/eatsjapan.com\/de\/wp-json\/wp\/v2\/types\/product"}],"replies":[{"embeddable":true,"href":"https:\/\/eatsjapan.com\/de\/wp-json\/wp\/v2\/comments?post=47785"}],"wp:featuredmedia":[{"embeddable":true,"href":"https:\/\/eatsjapan.com\/de\/wp-json\/wp\/v2\/media\/47809"}],"wp:attachment":[{"href":"https:\/\/eatsjapan.com\/de\/wp-json\/wp\/v2\/media?parent=47785"}],"wp:term":[{"taxonomy":"product_brand","embeddable":true,"href":"https:\/\/eatsjapan.com\/de\/wp-json\/wp\/v2\/product_brand?post=47785"},{"taxonomy":"product_cat","embeddable":true,"href":"https:\/\/eatsjapan.com\/de\/wp-json\/wp\/v2\/product_cat?post=47785"},{"taxonomy":"product_tag","embeddable":true,"href":"https:\/\/eatsjapan.com\/de\/wp-json\/wp\/v2\/product_tag?post=47785"}],"curies":[{"name":"wp","href":"https:\/\/api.w.org\/{rel}","templated":true}]}}