{"id":47783,"date":"2025-04-27T09:53:41","date_gmt":"2025-04-27T00:53:41","guid":{"rendered":"https:\/\/eatsjapan.com\/products\/time-travel-tiger-mask-collectibles\/"},"modified":"2026-04-05T23:38:30","modified_gmt":"2026-04-05T14:38:30","slug":"time-travel-tiger-mask-collectibles","status":"publish","type":"product","link":"https:\/\/eatsjapan.com\/de\/products\/time-travel-tiger-mask-collectibles\/","title":{"rendered":"Zeitreise-Serie Tiger Mask Retro Collectibles"},"content":{"rendered":"<p>Diese Spielzeug-Kapselkollektion enth\u00e4lt praktische Accessoires wie Schl\u00fcsselanh\u00e4nger und Taschen. Sammle sie alle, um dein t\u00e4gliches Leben mit niedlichen, funktionalen Gegenst\u00e4nden zu bereichern!<\/p>\n<p>Aufstellung (4 Typen):<br \/>\nSchl\u00fcsselanh\u00e4nger<br \/>\nM\u00fcnzgeldb\u00f6rse (A)<br \/>\nM\u00fcnzgeldb\u00f6rse (B)<br \/>\nTragetasche (Gr\u00f6\u00dfe: ca. 280 mm H\u00f6he, ohne Griff)<\/p>\n<p>\u2605 Bitte beachten:<br \/>\nMan wei\u00df nie, welche Sorte man bekommt, und das sorgt f\u00fcr ein lustiges \u00dcberraschungsmoment bei Ihrem Einkauf!<br \/>\nWenn Sie ein Duplikat erhalten, ist es ein perfektes kleines Geschenk f\u00fcr einen besonderen Menschen.<br \/>\nArtikel aus Acryl werden mit einer Schutzfolie geliefert, um Kratzer zu vermeiden. Bitte ziehen Sie diese vor dem Gebrauch ab.<\/p>","protected":false},"excerpt":{"rendered":"<p>Die legend\u00e4re \u201cTigermaske\u201d kehrt als Teil der Zeitreise-Serie zur\u00fcck! Diese Retro-Sammlerst\u00fccke fangen den Geist dieser kultigen japanischen Figur ein und wecken bei Fans des Anime-Klassikers Erinnerungen.<br \/>\n*Dies ist ein 4-teiliges Set.<\/p>","protected":false},"featured_media":47825,"comment_status":"open","ping_status":"closed","template":"","meta":[],"product_brand":[],"product_cat":[333,293],"product_tag":[],"class_list":{"0":"post-47783","1":"product","2":"type-product","3":"status-publish","4":"has-post-thumbnail","6":"product_cat-japanese-culture-toys","7":"product_cat-gacha","9":"first","10":"instock","11":"shipping-taxable","12":"purchasable","13":"product-type-variable","14":"has-default-attributes"},"_links":{"self":[{"href":"https:\/\/eatsjapan.com\/de\/wp-json\/wp\/v2\/product\/47783","targetHints":{"allow":["GET"]}}],"collection":[{"href":"https:\/\/eatsjapan.com\/de\/wp-json\/wp\/v2\/product"}],"about":[{"href":"https:\/\/eatsjapan.com\/de\/wp-json\/wp\/v2\/types\/product"}],"replies":[{"embeddable":true,"href":"https:\/\/eatsjapan.com\/de\/wp-json\/wp\/v2\/comments?post=47783"}],"wp:featuredmedia":[{"embeddable":true,"href":"https:\/\/eatsjapan.com\/de\/wp-json\/wp\/v2\/media\/47825"}],"wp:attachment":[{"href":"https:\/\/eatsjapan.com\/de\/wp-json\/wp\/v2\/media?parent=47783"}],"wp:term":[{"taxonomy":"product_brand","embeddable":true,"href":"https:\/\/eatsjapan.com\/de\/wp-json\/wp\/v2\/product_brand?post=47783"},{"taxonomy":"product_cat","embeddable":true,"href":"https:\/\/eatsjapan.com\/de\/wp-json\/wp\/v2\/product_cat?post=47783"},{"taxonomy":"product_tag","embeddable":true,"href":"https:\/\/eatsjapan.com\/de\/wp-json\/wp\/v2\/product_tag?post=47783"}],"curies":[{"name":"wp","href":"https:\/\/api.w.org\/{rel}","templated":true}]}}