{"id":47781,"date":"2025-04-27T09:53:40","date_gmt":"2025-04-27T00:53:40","guid":{"rendered":"https:\/\/eatsjapan.com\/products\/retro-cafe-sign-light-series\/"},"modified":"2026-04-05T23:38:31","modified_gmt":"2026-04-05T14:38:31","slug":"retro-cafe-sign-light-series","status":"publish","type":"product","link":"https:\/\/eatsjapan.com\/de\/products\/retro-cafe-sign-light-series\/","title":{"rendered":"Retro Caf\u00e9 Sign Light Serie"},"content":{"rendered":"<p>Diese Kapselspielzeug-Kollektion zeigt beliebte Coffee Shops aus Japan. Sammle Magnete und andere Gegenst\u00e4nde mit den Logos dieser ber\u00fchmten Caf\u00e9s!<\/p>\n<p>Aufstellung (4 Typen):<br \/>\nTokio Donguri-ya<br \/>\nShizuoka Tomiya Kaffee<br \/>\nChiba Kaffeehaus Labin (Magnet Typ)<br \/>\nSchloss des Kaffeek\u00f6nigs von Tokio (Typ Magnet)<\/p>\n<p>\u2605 Bitte beachten:<br \/>\nMan wei\u00df nie, welche Sorte man bekommt, und das sorgt f\u00fcr ein lustiges \u00dcberraschungsmoment bei Ihrem Einkauf!<br \/>\nWenn Sie ein Duplikat erhalten, ist es ein perfektes kleines Geschenk f\u00fcr einen besonderen Menschen.<br \/>\nDie Batterien werden nur einmal verwendet und k\u00f6nnen nicht ersetzt werden.<\/p>","protected":false},"excerpt":{"rendered":"<p>Bringen Sie einen Hauch von Nostalgie in Ihr Zuhause mit dieser Mini-Retro-Caf\u00e9-Schild-Leuchte! Jedes St\u00fcck wird mit einem Caf\u00e9-Logo-Aufkleber geliefert und leuchtet auf, wenn es eingeschaltet wird - eine perfekte Erg\u00e4nzung f\u00fcr jede Sammlung von Miniaturen im Vintage-Stil.<br \/>\n*Dies ist ein 4-teiliges Set.<\/p>","protected":false},"featured_media":47996,"comment_status":"open","ping_status":"closed","template":"","meta":[],"product_brand":[],"product_cat":[337,333,293,339],"product_tag":[],"class_list":{"0":"post-47781","1":"product","2":"type-product","3":"status-publish","4":"has-post-thumbnail","6":"product_cat-miniature-food-life","7":"product_cat-japanese-culture-toys","8":"product_cat-gacha","9":"product_cat-retro-nostalgic-toys","11":"first","12":"instock","13":"shipping-taxable","14":"purchasable","15":"product-type-variable","16":"has-default-attributes"},"_links":{"self":[{"href":"https:\/\/eatsjapan.com\/de\/wp-json\/wp\/v2\/product\/47781","targetHints":{"allow":["GET"]}}],"collection":[{"href":"https:\/\/eatsjapan.com\/de\/wp-json\/wp\/v2\/product"}],"about":[{"href":"https:\/\/eatsjapan.com\/de\/wp-json\/wp\/v2\/types\/product"}],"replies":[{"embeddable":true,"href":"https:\/\/eatsjapan.com\/de\/wp-json\/wp\/v2\/comments?post=47781"}],"wp:featuredmedia":[{"embeddable":true,"href":"https:\/\/eatsjapan.com\/de\/wp-json\/wp\/v2\/media\/47996"}],"wp:attachment":[{"href":"https:\/\/eatsjapan.com\/de\/wp-json\/wp\/v2\/media?parent=47781"}],"wp:term":[{"taxonomy":"product_brand","embeddable":true,"href":"https:\/\/eatsjapan.com\/de\/wp-json\/wp\/v2\/product_brand?post=47781"},{"taxonomy":"product_cat","embeddable":true,"href":"https:\/\/eatsjapan.com\/de\/wp-json\/wp\/v2\/product_cat?post=47781"},{"taxonomy":"product_tag","embeddable":true,"href":"https:\/\/eatsjapan.com\/de\/wp-json\/wp\/v2\/product_tag?post=47781"}],"curies":[{"name":"wp","href":"https:\/\/api.w.org\/{rel}","templated":true}]}}