{"id":47780,"date":"2025-04-27T09:53:40","date_gmt":"2025-04-27T00:53:40","guid":{"rendered":"https:\/\/eatsjapan.com\/products\/disk-union-merchandise-collection\/"},"modified":"2026-04-14T03:50:40","modified_gmt":"2026-04-13T18:50:40","slug":"disk-union-merchandise-collection","status":"publish","type":"product","link":"https:\/\/eatsjapan.com\/de\/products\/disk-union-merchandise-collection\/","title":{"rendered":"Disk Union Merchandise Collection"},"content":{"rendered":"<p>Diese Spielwarenkollektion enth\u00e4lt Zubeh\u00f6r im Retro-Stil, das von der Musikkultur inspiriert ist. Eine tolle Erg\u00e4nzung f\u00fcr Ihre Sammlung!<\/p>\n<p>Aufstellung (4 Typen):<br \/>\n3-stufiger Acryl-Anh\u00e4nger<br \/>\nTasche f\u00fcr CD-H\u00fclle<br \/>\nSchallplattenjacke \u00d6ko-Tasche (Gr\u00f6\u00dfe: ca. 340mm Breite)<br \/>\nMagnetische Tafelbeleuchtung (leuchtet beim Einschalten!)<\/p>\n<p>\u2605 Bitte beachten:<br \/>\nMan wei\u00df nie, welche Sorte man bekommt, und das sorgt f\u00fcr ein lustiges \u00dcberraschungsmoment bei Ihrem Einkauf!<br \/>\nWenn Sie ein Duplikat erhalten, ist es ein perfektes kleines Geschenk f\u00fcr einen besonderen Menschen.<br \/>\nDie Batterien werden nur einmal verwendet und k\u00f6nnen nicht ersetzt werden.<\/p>","protected":false},"excerpt":{"rendered":"<p>Das ber\u00fchmte japanische Musik- und Audiogesch\u00e4ft \u201cDisk Union\u201d bringt Ihnen diese aufregende Merchandise-Kollektion! Mit 4 Artikeln pro Box ist diese Kollektion ein Muss f\u00fcr Musikliebhaber und Sammler einzigartiger, musikbezogener Memorabilia.<br \/>\n*Dies ist ein 4-teiliges Set.<\/p>","protected":false},"featured_media":48028,"comment_status":"open","ping_status":"closed","template":"","meta":[],"product_brand":[],"product_cat":[293],"product_tag":[],"class_list":{"0":"post-47780","1":"product","2":"type-product","3":"status-publish","4":"has-post-thumbnail","6":"product_cat-gacha","8":"first","9":"instock","10":"shipping-taxable","11":"purchasable","12":"product-type-variable","13":"has-default-attributes"},"_links":{"self":[{"href":"https:\/\/eatsjapan.com\/de\/wp-json\/wp\/v2\/product\/47780","targetHints":{"allow":["GET"]}}],"collection":[{"href":"https:\/\/eatsjapan.com\/de\/wp-json\/wp\/v2\/product"}],"about":[{"href":"https:\/\/eatsjapan.com\/de\/wp-json\/wp\/v2\/types\/product"}],"replies":[{"embeddable":true,"href":"https:\/\/eatsjapan.com\/de\/wp-json\/wp\/v2\/comments?post=47780"}],"wp:featuredmedia":[{"embeddable":true,"href":"https:\/\/eatsjapan.com\/de\/wp-json\/wp\/v2\/media\/48028"}],"wp:attachment":[{"href":"https:\/\/eatsjapan.com\/de\/wp-json\/wp\/v2\/media?parent=47780"}],"wp:term":[{"taxonomy":"product_brand","embeddable":true,"href":"https:\/\/eatsjapan.com\/de\/wp-json\/wp\/v2\/product_brand?post=47780"},{"taxonomy":"product_cat","embeddable":true,"href":"https:\/\/eatsjapan.com\/de\/wp-json\/wp\/v2\/product_cat?post=47780"},{"taxonomy":"product_tag","embeddable":true,"href":"https:\/\/eatsjapan.com\/de\/wp-json\/wp\/v2\/product_tag?post=47780"}],"curies":[{"name":"wp","href":"https:\/\/api.w.org\/{rel}","templated":true}]}}