{"id":47779,"date":"2025-04-27T09:53:40","date_gmt":"2025-04-27T00:53:40","guid":{"rendered":"https:\/\/eatsjapan.com\/products\/time-travel-fujio-akatsuka-coin-purses\/"},"modified":"2026-04-08T19:45:57","modified_gmt":"2026-04-08T10:45:57","slug":"time-travel-fujio-akatsuka-coin-purses","status":"publish","type":"product","link":"https:\/\/eatsjapan.com\/de\/products\/time-travel-fujio-akatsuka-coin-purses\/","title":{"rendered":"Zeitreise-Serie Fujio Akatsuka Charaktere M\u00fcnzgeldb\u00f6rsen"},"content":{"rendered":"<p>Eine lustige, nostalgische Spielzeugsammlung mit Figuren aus klassischen japanischen Zeichentrickfilmen. Ideal f\u00fcr Fans von Retro-Animationen und Sammelfiguren.<\/p>\n<p>Aufstellung (4 Typen):<br \/>\nGenialer Bakabon<br \/>\nOsomatsu-kun<br \/>\nGeheimnis Akko-chan<br \/>\nMoretsu Ataro<\/p>\n<p>\u2605 Bitte beachten:<br \/>\nMan wei\u00df nie, welche Sorte man bekommt, und das sorgt f\u00fcr ein lustiges \u00dcberraschungsmoment bei Ihrem Einkauf!<br \/>\nWenn Sie ein Duplikat erhalten, ist es ein perfektes kleines Geschenk f\u00fcr einen besonderen Menschen.<\/p>","protected":false},"excerpt":{"rendered":"<p>Feiern Sie den 90. Geburtstag von Fujio Akatsuka mit dieser nostalgischen Kollektion von M\u00fcnzgeldb\u00f6rsen mit ikonischen Figuren! Mit ihrem kompakten und leicht zu tragenden Design sind diese Geldb\u00f6rsen ein Retro-Sammlerst\u00fcck, perfekt f\u00fcr Fans von japanischen Animes und Memorabilia.<br \/>\n*Dies ist ein 4-teiliges Set.<\/p>","protected":false},"featured_media":48002,"comment_status":"open","ping_status":"closed","template":"","meta":[],"product_brand":[],"product_cat":[336,333,293,339],"product_tag":[],"class_list":{"0":"post-47779","1":"product","2":"type-product","3":"status-publish","4":"has-post-thumbnail","6":"product_cat-anime-game-characters","7":"product_cat-japanese-culture-toys","8":"product_cat-gacha","9":"product_cat-retro-nostalgic-toys","11":"first","12":"instock","13":"shipping-taxable","14":"purchasable","15":"product-type-variable","16":"has-default-attributes"},"_links":{"self":[{"href":"https:\/\/eatsjapan.com\/de\/wp-json\/wp\/v2\/product\/47779","targetHints":{"allow":["GET"]}}],"collection":[{"href":"https:\/\/eatsjapan.com\/de\/wp-json\/wp\/v2\/product"}],"about":[{"href":"https:\/\/eatsjapan.com\/de\/wp-json\/wp\/v2\/types\/product"}],"replies":[{"embeddable":true,"href":"https:\/\/eatsjapan.com\/de\/wp-json\/wp\/v2\/comments?post=47779"}],"wp:featuredmedia":[{"embeddable":true,"href":"https:\/\/eatsjapan.com\/de\/wp-json\/wp\/v2\/media\/48002"}],"wp:attachment":[{"href":"https:\/\/eatsjapan.com\/de\/wp-json\/wp\/v2\/media?parent=47779"}],"wp:term":[{"taxonomy":"product_brand","embeddable":true,"href":"https:\/\/eatsjapan.com\/de\/wp-json\/wp\/v2\/product_brand?post=47779"},{"taxonomy":"product_cat","embeddable":true,"href":"https:\/\/eatsjapan.com\/de\/wp-json\/wp\/v2\/product_cat?post=47779"},{"taxonomy":"product_tag","embeddable":true,"href":"https:\/\/eatsjapan.com\/de\/wp-json\/wp\/v2\/product_tag?post=47779"}],"curies":[{"name":"wp","href":"https:\/\/api.w.org\/{rel}","templated":true}]}}