{"id":47778,"date":"2025-04-27T09:53:39","date_gmt":"2025-04-27T00:53:39","guid":{"rendered":"https:\/\/eatsjapan.com\/products\/papipu-penguins-figure-collection\/"},"modified":"2026-04-24T00:11:27","modified_gmt":"2026-04-23T15:11:27","slug":"papipu-penguins-figure-collection","status":"publish","type":"product","link":"https:\/\/eatsjapan.com\/de\/products\/papipu-penguins-figure-collection\/","title":{"rendered":"Papipu Penguins Figurensammlung Capsule Toys"},"content":{"rendered":"<p>Dies ist eine Spielzeugkapsel mit niedlichen Figuren und Zubeh\u00f6r. Perfekt f\u00fcr Fans von lustigem, sammelbaren Spielzeug mit einem verspielten Thema!<\/p>\n<p>Aufstellung (4 Typen):<br \/>\nHappy Pack (mit Geschenkbox)<br \/>\nFeuchtw\u00e4hlerisch (mit Rotweinglas)<br \/>\nSlightly Sweet Picky (mit Wei\u00dfweinglas)<br \/>\nSinging Picky (mit Standmikrofon)<\/p>\n<p>\u2605 Bitte beachten:<br \/>\nMan wei\u00df nie, welche Sorte man bekommt, und das sorgt f\u00fcr ein lustiges \u00dcberraschungsmoment bei Ihrem Einkauf!<br \/>\nWenn Sie ein Duplikat erhalten, ist es ein perfektes kleines Geschenk f\u00fcr einen besonderen Menschen.<\/p>","protected":false},"excerpt":{"rendered":"<p>Diese entz\u00fcckenden Retro-Pop-Pinguine aus der Serie \u201cPapipu Penguins\u201d sind jetzt als niedliche Miniaturfiguren erh\u00e4ltlich! Dieses Kapselspielzeugset enth\u00e4lt 4 bezaubernde Figuren, ideal f\u00fcr Sammler von lustigem, skurrilem Spielzeug.<br \/>\n*Dies ist ein 4-teiliges Set.<\/p>","protected":false},"featured_media":48012,"comment_status":"open","ping_status":"closed","template":"","meta":[],"product_brand":[],"product_cat":[338,293],"product_tag":[],"class_list":{"0":"post-47778","1":"product","2":"type-product","3":"status-publish","4":"has-post-thumbnail","6":"product_cat-animal-pet-toys","7":"product_cat-gacha","9":"first","10":"outofstock","11":"shipping-taxable","12":"purchasable","13":"product-type-variable","14":"has-default-attributes"},"_links":{"self":[{"href":"https:\/\/eatsjapan.com\/de\/wp-json\/wp\/v2\/product\/47778","targetHints":{"allow":["GET"]}}],"collection":[{"href":"https:\/\/eatsjapan.com\/de\/wp-json\/wp\/v2\/product"}],"about":[{"href":"https:\/\/eatsjapan.com\/de\/wp-json\/wp\/v2\/types\/product"}],"replies":[{"embeddable":true,"href":"https:\/\/eatsjapan.com\/de\/wp-json\/wp\/v2\/comments?post=47778"}],"wp:featuredmedia":[{"embeddable":true,"href":"https:\/\/eatsjapan.com\/de\/wp-json\/wp\/v2\/media\/48012"}],"wp:attachment":[{"href":"https:\/\/eatsjapan.com\/de\/wp-json\/wp\/v2\/media?parent=47778"}],"wp:term":[{"taxonomy":"product_brand","embeddable":true,"href":"https:\/\/eatsjapan.com\/de\/wp-json\/wp\/v2\/product_brand?post=47778"},{"taxonomy":"product_cat","embeddable":true,"href":"https:\/\/eatsjapan.com\/de\/wp-json\/wp\/v2\/product_cat?post=47778"},{"taxonomy":"product_tag","embeddable":true,"href":"https:\/\/eatsjapan.com\/de\/wp-json\/wp\/v2\/product_tag?post=47778"}],"curies":[{"name":"wp","href":"https:\/\/api.w.org\/{rel}","templated":true}]}}