{"id":47777,"date":"2025-04-27T09:53:39","date_gmt":"2025-04-27T00:53:39","guid":{"rendered":"https:\/\/eatsjapan.com\/products\/red-wing-shoes-miniature-toys\/"},"modified":"2026-04-23T18:04:04","modified_gmt":"2026-04-23T09:04:04","slug":"red-wing-shoes-miniature-toys","status":"publish","type":"product","link":"https:\/\/eatsjapan.com\/de\/products\/red-wing-shoes-miniature-toys\/","title":{"rendered":"RED WING SHOES MINIATURE COLLECTION Capsule Toys"},"content":{"rendered":"<p>Diese Kapselspielzeugserie enth\u00e4lt Miniaturnachbildungen von klassischen MOC-Schuhen und -Accessoires. Perfekt f\u00fcr Sammler von Miniaturen und Fans der ICON STYLE Kollektion.<\/p>\n<p>Aufstellung (6 Typen):<br \/>\nICON STYLE NO.81736 \u201cCLASSIC MOC \/ 6-Zoll\u201d<br \/>\nICON STYLE NO.88756 \u201cCLASSIC MOC \/ 6-Zoll\u201d<br \/>\nICON STYLE NO.81796 \u201cCLASSIC MOC \/ 6-Zoll\u201d<br \/>\nICON STYLE NO.8778 \u201cCLASSIC MOC \/ 8-Zoll\u201d<br \/>\nICON STYLE NO.8133 SUPERSOLE \u201c6-inch MOC\u201d mit graviertem Schuhl\u00f6ffel<br \/>\nPFLEGE-SET<\/p>\n<p>\u2605 Bitte beachten:<br \/>\nMan wei\u00df nie, welche Sorte man bekommt, und das sorgt f\u00fcr ein lustiges \u00dcberraschungsmoment bei Ihrem Einkauf!<br \/>\nWenn Sie ein Duplikat erhalten, ist es ein perfektes kleines Geschenk f\u00fcr einen besonderen Menschen.<\/p>","protected":false},"excerpt":{"rendered":"<p>Die offiziellen Miniaturfiguren der legend\u00e4ren Marke RED WING SHOES sind zur\u00fcck! Diese Spielwarenkollektion enth\u00e4lt 6 Mini-Repliken klassischer RED WING-Schuhe, ein Muss f\u00fcr Fans von Schuhen und Sammlerminiaturen.<br \/>\n*Dies ist ein 6-teiliges Set.<\/p>","protected":false},"featured_media":47983,"comment_status":"open","ping_status":"closed","template":"","meta":[],"product_brand":[],"product_cat":[293,339,335],"product_tag":[],"class_list":{"0":"post-47777","1":"product","2":"type-product","3":"status-publish","4":"has-post-thumbnail","6":"product_cat-gacha","7":"product_cat-retro-nostalgic-toys","8":"product_cat-weird-funny-toys","10":"first","11":"outofstock","12":"shipping-taxable","13":"purchasable","14":"product-type-variable","15":"has-default-attributes"},"_links":{"self":[{"href":"https:\/\/eatsjapan.com\/de\/wp-json\/wp\/v2\/product\/47777","targetHints":{"allow":["GET"]}}],"collection":[{"href":"https:\/\/eatsjapan.com\/de\/wp-json\/wp\/v2\/product"}],"about":[{"href":"https:\/\/eatsjapan.com\/de\/wp-json\/wp\/v2\/types\/product"}],"replies":[{"embeddable":true,"href":"https:\/\/eatsjapan.com\/de\/wp-json\/wp\/v2\/comments?post=47777"}],"wp:featuredmedia":[{"embeddable":true,"href":"https:\/\/eatsjapan.com\/de\/wp-json\/wp\/v2\/media\/47983"}],"wp:attachment":[{"href":"https:\/\/eatsjapan.com\/de\/wp-json\/wp\/v2\/media?parent=47777"}],"wp:term":[{"taxonomy":"product_brand","embeddable":true,"href":"https:\/\/eatsjapan.com\/de\/wp-json\/wp\/v2\/product_brand?post=47777"},{"taxonomy":"product_cat","embeddable":true,"href":"https:\/\/eatsjapan.com\/de\/wp-json\/wp\/v2\/product_cat?post=47777"},{"taxonomy":"product_tag","embeddable":true,"href":"https:\/\/eatsjapan.com\/de\/wp-json\/wp\/v2\/product_tag?post=47777"}],"curies":[{"name":"wp","href":"https:\/\/api.w.org\/{rel}","templated":true}]}}