{"id":47775,"date":"2025-04-27T09:53:38","date_gmt":"2025-04-27T00:53:38","guid":{"rendered":"https:\/\/eatsjapan.com\/products\/hello-in-the-world-momozaza-mini-chikuwa-figure\/"},"modified":"2026-04-05T19:38:17","modified_gmt":"2026-04-05T10:38:17","slug":"hello-in-the-world-momozaza-mini-chikuwa-figure","status":"publish","type":"product","link":"https:\/\/eatsjapan.com\/de\/products\/hello-in-the-world-momozaza-mini-chikuwa-figure\/","title":{"rendered":"HALLO IN DER WELT!! Vol.1 - MOMOZAZA Mini Chikuwa Figurensammlung"},"content":{"rendered":"<p>F\u00fcgen Sie Ihrer Sammlung einen Hauch von pastellfarbenem Charme hinzu mit dieser entz\u00fcckenden japanischen Capsule Toy-Serie! Diese Miniatur-Sammelfiguren sind in vier sanften, stilvollen Farben erh\u00e4ltlich, die perfekt f\u00fcr Fans von japanischem Design und Gashapon (Kapselspielzeug) sind. Jede Figur ist aus strapazierf\u00e4higem PVC - nicht aus weichem Vinyl - gefertigt und bietet eine solide und detaillierte Oberfl\u00e4che, die sich ideal zum Ausstellen oder Verschenken eignet.<\/p>\n<p>\u25a0 Aufstellung (4 Typen):<br \/>\n1. Cremiges Rosa<br \/>\n2. Esche violett<br \/>\n3. Mintgr\u00fcn<br \/>\n4. Milchig Orange<\/p>\n<p>\u2605 Bitte beachten:<br \/>\nMan wei\u00df nie, welche Sorte man bekommt, und das sorgt f\u00fcr ein lustiges \u00dcberraschungsmoment bei Ihrem Einkauf!<br \/>\nWenn Sie ein Duplikat erhalten, ist es ein perfektes kleines Geschenk f\u00fcr einen besonderen Menschen.<br \/>\nDieses Produkt ist aus PVC-Material hergestellt. Es ist kein weiches Vinyl.<\/p>","protected":false},"excerpt":{"rendered":"<p>Soft-Vinyl-Figuren aus aller Welt sind jetzt als handfl\u00e4chengro\u00dfe (ca. 55 mm) Figuren erh\u00e4ltlich! Die erste Serie umfasst \u201cMini Chikuwa\u201d, eine Figur, die von dem taiwanesischen K\u00fcnstler MOMOZAZA entworfen wurde. Diese schrullige Katze liebt Chikuwa und entwickelt sich zu einem freilaufenden Monster mit Antennen, das die menschliche Fantasie befl\u00fcgelt.<br \/>\n*Dies ist ein 4-teiliges Set.<\/p>","protected":false},"featured_media":47978,"comment_status":"open","ping_status":"closed","template":"","meta":[],"product_brand":[],"product_cat":[338,293],"product_tag":[],"class_list":{"0":"post-47775","1":"product","2":"type-product","3":"status-publish","4":"has-post-thumbnail","6":"product_cat-animal-pet-toys","7":"product_cat-gacha","9":"first","10":"instock","11":"shipping-taxable","12":"purchasable","13":"product-type-variable","14":"has-default-attributes"},"_links":{"self":[{"href":"https:\/\/eatsjapan.com\/de\/wp-json\/wp\/v2\/product\/47775","targetHints":{"allow":["GET"]}}],"collection":[{"href":"https:\/\/eatsjapan.com\/de\/wp-json\/wp\/v2\/product"}],"about":[{"href":"https:\/\/eatsjapan.com\/de\/wp-json\/wp\/v2\/types\/product"}],"replies":[{"embeddable":true,"href":"https:\/\/eatsjapan.com\/de\/wp-json\/wp\/v2\/comments?post=47775"}],"wp:featuredmedia":[{"embeddable":true,"href":"https:\/\/eatsjapan.com\/de\/wp-json\/wp\/v2\/media\/47978"}],"wp:attachment":[{"href":"https:\/\/eatsjapan.com\/de\/wp-json\/wp\/v2\/media?parent=47775"}],"wp:term":[{"taxonomy":"product_brand","embeddable":true,"href":"https:\/\/eatsjapan.com\/de\/wp-json\/wp\/v2\/product_brand?post=47775"},{"taxonomy":"product_cat","embeddable":true,"href":"https:\/\/eatsjapan.com\/de\/wp-json\/wp\/v2\/product_cat?post=47775"},{"taxonomy":"product_tag","embeddable":true,"href":"https:\/\/eatsjapan.com\/de\/wp-json\/wp\/v2\/product_tag?post=47775"}],"curies":[{"name":"wp","href":"https:\/\/api.w.org\/{rel}","templated":true}]}}