{"id":47772,"date":"2025-04-27T09:53:37","date_gmt":"2025-04-27T00:53:37","guid":{"rendered":"https:\/\/eatsjapan.com\/products\/mini-pack-drink-case-collection\/"},"modified":"2026-04-17T00:06:46","modified_gmt":"2026-04-16T15:06:46","slug":"mini-pack-drink-case-collection","status":"publish","type":"product","link":"https:\/\/eatsjapan.com\/de\/products\/mini-pack-drink-case-collection\/","title":{"rendered":"Japanische Miniatur-Getr\u00e4nkeverpackungen - Mini Case Collection"},"content":{"rendered":"<p>Entdecken Sie den Charme der japanischen Convenience-Kultur mit Band 2 der Mini Packaged Drink Capsule Toy Serie! Diese entz\u00fcckenden Miniaturkapseln sind den beliebten Getr\u00e4nkedosen aus Japan nachempfunden - und sie sind nicht nur zum Ausstellen gedacht! Jede l\u00e4sst sich \u00f6ffnen, um kleine Gegenst\u00e4nde wie M\u00fcnzen oder Accessoires aufzunehmen (ca. 26 mm tief). Ein perfektes Sammlerst\u00fcck f\u00fcr Fans von japanischen Gashapon, Kapselspielzeug und Miniaturgegenst\u00e4nden.<\/p>\n<p>\u25a0 Aufstellung - insgesamt 4 Typen:<br \/>\n\u30fbHida Kaffee (Pr\u00e4fektur Gifu)<br \/>\n\u30fbRakuou-Erdbeermilch (Pr\u00e4fektur Fukushima)<br \/>\n\u30fbObuse-Milch (Pr\u00e4fektur Nagano)<br \/>\n\u30fbLeepul (Pr\u00e4fektur Kochi)<\/p>\n<p>*Dies ist ein Kapselspielzeugset, das 4 zuf\u00e4llig sortierte Artikel enth\u00e4lt.<\/p>\n<p>\u2605 Bitte beachten:<br \/>\nMan wei\u00df nie, welche Sorte man bekommt, und das sorgt f\u00fcr ein lustiges \u00dcberraschungsmoment bei Ihrem Einkauf!<br \/>\nWenn Sie ein Duplikat erhalten, ist es ein perfektes kleines Geschenk f\u00fcr einen besonderen Menschen.<br \/>\nDies sind Spielzeugartikel und nicht essbar.<\/p>","protected":false},"excerpt":{"rendered":"<p>Dieses japanische Kapselspielzeug-Set enth\u00e4lt Band 2 der beliebten Mini-Packaged-Drink-Serie mit Miniaturh\u00fcllen, die von beliebten verpackten Getr\u00e4nken aus ganz Japan inspiriert sind.<br \/>\nJedes Etui l\u00e4sst sich \u00f6ffnen, um kleine Gegenst\u00e4nde wie Zubeh\u00f6r oder M\u00fcnzen (ca. 26 mm tief) aufzunehmen, was es zu einem lustigen und funktionellen Sammlerst\u00fcck f\u00fcr Fans von japanischen Gashapon, Miniaturspielzeug und allt\u00e4glicher Kawaii-Kultur macht; enth\u00e4lt 4 zuf\u00e4llige Kapselgegenst\u00e4nde pro Set.<br \/>\n*Dies ist ein 4-teiliges Set.<\/p>","protected":false},"featured_media":47910,"comment_status":"open","ping_status":"closed","template":"","meta":[],"product_brand":[],"product_cat":[337,333,293],"product_tag":[],"class_list":{"0":"post-47772","1":"product","2":"type-product","3":"status-publish","4":"has-post-thumbnail","6":"product_cat-miniature-food-life","7":"product_cat-japanese-culture-toys","8":"product_cat-gacha","10":"first","11":"instock","12":"shipping-taxable","13":"purchasable","14":"product-type-variable","15":"has-default-attributes"},"_links":{"self":[{"href":"https:\/\/eatsjapan.com\/de\/wp-json\/wp\/v2\/product\/47772","targetHints":{"allow":["GET"]}}],"collection":[{"href":"https:\/\/eatsjapan.com\/de\/wp-json\/wp\/v2\/product"}],"about":[{"href":"https:\/\/eatsjapan.com\/de\/wp-json\/wp\/v2\/types\/product"}],"replies":[{"embeddable":true,"href":"https:\/\/eatsjapan.com\/de\/wp-json\/wp\/v2\/comments?post=47772"}],"wp:featuredmedia":[{"embeddable":true,"href":"https:\/\/eatsjapan.com\/de\/wp-json\/wp\/v2\/media\/47910"}],"wp:attachment":[{"href":"https:\/\/eatsjapan.com\/de\/wp-json\/wp\/v2\/media?parent=47772"}],"wp:term":[{"taxonomy":"product_brand","embeddable":true,"href":"https:\/\/eatsjapan.com\/de\/wp-json\/wp\/v2\/product_brand?post=47772"},{"taxonomy":"product_cat","embeddable":true,"href":"https:\/\/eatsjapan.com\/de\/wp-json\/wp\/v2\/product_cat?post=47772"},{"taxonomy":"product_tag","embeddable":true,"href":"https:\/\/eatsjapan.com\/de\/wp-json\/wp\/v2\/product_tag?post=47772"}],"curies":[{"name":"wp","href":"https:\/\/api.w.org\/{rel}","templated":true}]}}