{"id":47770,"date":"2025-04-27T09:53:36","date_gmt":"2025-04-27T00:53:36","guid":{"rendered":"https:\/\/eatsjapan.com\/products\/japanese-local-sweets-ball-chain-mascot\/"},"modified":"2026-04-17T01:55:36","modified_gmt":"2026-04-16T16:55:36","slug":"japanese-local-sweets-ball-chain-mascot","status":"publish","type":"product","link":"https:\/\/eatsjapan.com\/de\/products\/japanese-local-sweets-ball-chain-mascot\/","title":{"rendered":"Japanische Lokalsnacks Maskottchen Schl\u00fcsselanh\u00e4nger - Regionale S\u00fc\u00dfigkeiten Kugelkette Figuren"},"content":{"rendered":"<p>Entdecke Japans vielf\u00e4ltige regionale Snacks mit dieser entz\u00fcckenden Capsule Toy Kollektion! Jeder Artikel in dieser Gashapon-Serie repr\u00e4sentiert ein einzigartiges und ikonisches Essen aus verschiedenen Teilen Japans. Diese Miniatur-Repliken sind perfekt f\u00fcr Sammler und Fans der japanischen K\u00fcche und Kultur.<\/p>\n<p>\u25a0 Aufstellung (5 Typen):<br \/>\n1. Maeda's Crackers (Stadt Sakai, Osaka)<br \/>\n2. Aji Curry (Stadt Sasebo, Nagasaki)<br \/>\n3. Shio Aji Fries (Stadt Sapporo, Hokkaido)<br \/>\n4. Fuku Ame (Matsumoto Stadt, Nagano)<br \/>\n5. Mac's Sugar Cone (Kochi City, Kochi)<\/p>\n<p>\u2605 Bitte beachten:<br \/>\nMan wei\u00df nie, welche Sorte man bekommt, und das sorgt f\u00fcr ein lustiges \u00dcberraschungsmoment bei Ihrem Einkauf!<br \/>\nWenn Sie ein Duplikat erhalten, ist es ein perfektes kleines Geschenk f\u00fcr einen besonderen Menschen.<br \/>\nDieses Produkt ist nicht essbar. Bitte beachten Sie.<\/p>","protected":false},"excerpt":{"rendered":"<p>Eine Kugelketten-Maskottchen-Kollektion mit beliebten lokalen S\u00fc\u00dfigkeiten aus ganz Japan, die von vielen seit Jahren gesch\u00e4tzt werden. Diese Miniaturen fangen die Essenz von Japans Lieblingssnacks ein.<br \/>\n*Dies ist ein 5-teiliges Set.<\/p>","protected":false},"featured_media":47861,"comment_status":"open","ping_status":"closed","template":"","meta":[],"product_brand":[],"product_cat":[337,333,293],"product_tag":[],"class_list":{"0":"post-47770","1":"product","2":"type-product","3":"status-publish","4":"has-post-thumbnail","6":"product_cat-miniature-food-life","7":"product_cat-japanese-culture-toys","8":"product_cat-gacha","10":"first","11":"instock","12":"shipping-taxable","13":"purchasable","14":"product-type-variable","15":"has-default-attributes"},"_links":{"self":[{"href":"https:\/\/eatsjapan.com\/de\/wp-json\/wp\/v2\/product\/47770","targetHints":{"allow":["GET"]}}],"collection":[{"href":"https:\/\/eatsjapan.com\/de\/wp-json\/wp\/v2\/product"}],"about":[{"href":"https:\/\/eatsjapan.com\/de\/wp-json\/wp\/v2\/types\/product"}],"replies":[{"embeddable":true,"href":"https:\/\/eatsjapan.com\/de\/wp-json\/wp\/v2\/comments?post=47770"}],"wp:featuredmedia":[{"embeddable":true,"href":"https:\/\/eatsjapan.com\/de\/wp-json\/wp\/v2\/media\/47861"}],"wp:attachment":[{"href":"https:\/\/eatsjapan.com\/de\/wp-json\/wp\/v2\/media?parent=47770"}],"wp:term":[{"taxonomy":"product_brand","embeddable":true,"href":"https:\/\/eatsjapan.com\/de\/wp-json\/wp\/v2\/product_brand?post=47770"},{"taxonomy":"product_cat","embeddable":true,"href":"https:\/\/eatsjapan.com\/de\/wp-json\/wp\/v2\/product_cat?post=47770"},{"taxonomy":"product_tag","embeddable":true,"href":"https:\/\/eatsjapan.com\/de\/wp-json\/wp\/v2\/product_tag?post=47770"}],"curies":[{"name":"wp","href":"https:\/\/api.w.org\/{rel}","templated":true}]}}