{"id":47769,"date":"2025-04-27T09:53:36","date_gmt":"2025-04-27T00:53:36","guid":{"rendered":"https:\/\/eatsjapan.com\/products\/chikako-toya-maneki-maneko-figure\/"},"modified":"2026-04-14T01:50:12","modified_gmt":"2026-04-13T16:50:12","slug":"chikako-toya-maneki-maneko-figure","status":"publish","type":"product","link":"https:\/\/eatsjapan.com\/de\/products\/chikako-toya-maneki-maneko-figure\/","title":{"rendered":"CHICACO TOYA Maneki Maneko Figurenkollektion - Gl\u00fcckskatzen-inspiriertes Kunstspielzeug"},"content":{"rendered":"<p>Begr\u00fc\u00dfe das Gl\u00fcck in deinem Leben mit dieser japanischen, von Maneki Neko inspirierten Capsule Toy-Serie! Diese Sammelfiguren mit vier niedlichen Charakteren in klassischen Gl\u00fcckskatzen-Posen sind perfekt f\u00fcr Fans der japanischen Kultur und von Gashapon-Spielzeug.<\/p>\n<p>\u25a0 Aufstellung (4 Typen):<br \/>\n1. Maneki Maneko-chan<br \/>\n2. Lucky-chan<br \/>\n3. Kin-san<br \/>\n4. Momo-san<\/p>\n<p>\u2605 Bitte beachten:<br \/>\nMan wei\u00df nie, welche Sorte man bekommt, und das sorgt f\u00fcr ein lustiges \u00dcberraschungsmoment bei Ihrem Einkauf!<br \/>\nWenn Sie ein Duplikat erhalten, ist es ein perfektes kleines Geschenk f\u00fcr einen besonderen Menschen.<\/p>","protected":false},"excerpt":{"rendered":"<p>Mit den fr\u00f6hlichen und einzigartigen Figuren von Chikako Toya, einer bekannten japanischen K\u00fcnstlerin, bringt diese Miniaturfigurenkollektion Gl\u00fcck und Freude. Diese charmanten Figuren sorgen jeden Tag f\u00fcr ein L\u00e4cheln. Besonderer Bonus inklusive!<br \/>\n*Dies ist ein 4-teiliges Set.<\/p>","protected":false},"featured_media":47874,"comment_status":"open","ping_status":"closed","template":"","meta":[],"product_brand":[],"product_cat":[338,293],"product_tag":[],"class_list":{"0":"post-47769","1":"product","2":"type-product","3":"status-publish","4":"has-post-thumbnail","6":"product_cat-animal-pet-toys","7":"product_cat-gacha","9":"first","10":"outofstock","11":"shipping-taxable","12":"purchasable","13":"product-type-variable","14":"has-default-attributes"},"_links":{"self":[{"href":"https:\/\/eatsjapan.com\/de\/wp-json\/wp\/v2\/product\/47769","targetHints":{"allow":["GET"]}}],"collection":[{"href":"https:\/\/eatsjapan.com\/de\/wp-json\/wp\/v2\/product"}],"about":[{"href":"https:\/\/eatsjapan.com\/de\/wp-json\/wp\/v2\/types\/product"}],"replies":[{"embeddable":true,"href":"https:\/\/eatsjapan.com\/de\/wp-json\/wp\/v2\/comments?post=47769"}],"wp:featuredmedia":[{"embeddable":true,"href":"https:\/\/eatsjapan.com\/de\/wp-json\/wp\/v2\/media\/47874"}],"wp:attachment":[{"href":"https:\/\/eatsjapan.com\/de\/wp-json\/wp\/v2\/media?parent=47769"}],"wp:term":[{"taxonomy":"product_brand","embeddable":true,"href":"https:\/\/eatsjapan.com\/de\/wp-json\/wp\/v2\/product_brand?post=47769"},{"taxonomy":"product_cat","embeddable":true,"href":"https:\/\/eatsjapan.com\/de\/wp-json\/wp\/v2\/product_cat?post=47769"},{"taxonomy":"product_tag","embeddable":true,"href":"https:\/\/eatsjapan.com\/de\/wp-json\/wp\/v2\/product_tag?post=47769"}],"curies":[{"name":"wp","href":"https:\/\/api.w.org\/{rel}","templated":true}]}}