{"id":9594,"date":"2024-10-09T07:14:47","date_gmt":"2024-10-09T07:14:47","guid":{"rendered":"https:\/\/mediumslateblue-skunk-198625.hostingersite.com\/dragon\/?page_id=9594"},"modified":"2025-11-10T19:46:16","modified_gmt":"2025-11-10T10:46:16","slug":"legal-notice","status":"publish","type":"page","link":"https:\/\/eatsjapan.com\/de\/legal-notice\/","title":{"rendered":"Rechtlicher Hinweis"},"content":{"rendered":"<h1 class=\"wp-block-heading\"><a href=\"https:\/\/eatsjapan.com\/wp-admin\/post.php?post=9594&amp;action=edit\">Rechtlicher Hinweis<\/a><\/h1>\n\n\n\n<figure class=\"wp-block-table\"><table class=\"has-fixed-layout\"><tbody><tr><td>Name der Website (Name der Website)<\/td><td>Isst Japan<\/td><\/tr><tr><td>Verteiler<\/td><td>Litz Co, Ltd. ist ein Unternehmen mit Sitz in Japan.<\/td><\/tr><tr><td>F\u00fcr den Gesamtbetrieb verantwortliche Person<\/td><td>Taichi Kitayama<\/td><\/tr><tr><td>Adresse<\/td><td>919-0628<br>Omizo, Awara, Fukui, Japan.<\/td><\/tr><tr><td>E-Mail Adresse<\/td><td>customer@eatsjapan.com<\/td><\/tr><tr><td>Zahlungsmethode<\/td><td>Kreditkarte, Paypal, Alipay, WeChatPay<\/td><\/tr><tr><td rowspan=\"2\">Andere Geb\u00fchren als der Preis des Produkts<\/td><td><strong>Kosten f\u00fcr den Versand.<\/strong><br>Die Versandkosten variieren je nach Gewicht.<br>Bitte pr\u00fcfen Sie die Versandkosten f\u00fcr jedes Produkt auf der Produktseite.<br>Bei Mehrfachbestellungen werden die Versandkosten auf dem Bildschirm f\u00fcr den Zahlungsabschluss angezeigt.<\/td><\/tr><tr><td><strong>Andere<\/strong><br>Umsatzsteuer, Z\u00f6lle und andere Einfuhrsteuern des jeweiligen Landes, wie die Mehrwertsteuer.<\/td><\/tr><tr><td>Zahlungsfrist\/Zahlungsbedingungen<\/td><td>Zum Zeitpunkt der Zahlung (je nach Kreditkartenunternehmen)<\/td><\/tr><tr><td>Lieferzeit f\u00fcr das Produkt<\/td><td>Versand innerhalb von ca. 2 Tagen nach Zahlungseingang.<\/td><\/tr><tr><td>R\u00fccksendung von Waren<\/td><td>Innerhalb von 14 Tagen nach Erhalt der Ware<\/td><\/tr><\/tbody><\/table><\/figure>","protected":false},"excerpt":{"rendered":"<p>Legal notice Site name (website name) Eats Japan Distributor Litz Co., Ltd., a company based in Japan Person responsible for<\/p>","protected":false},"author":1,"featured_media":0,"parent":0,"menu_order":0,"comment_status":"closed","ping_status":"closed","template":"","meta":{"footnotes":""},"class_list":["post-9594","page","type-page","status-publish","hentry"],"_links":{"self":[{"href":"https:\/\/eatsjapan.com\/de\/wp-json\/wp\/v2\/pages\/9594","targetHints":{"allow":["GET"]}}],"collection":[{"href":"https:\/\/eatsjapan.com\/de\/wp-json\/wp\/v2\/pages"}],"about":[{"href":"https:\/\/eatsjapan.com\/de\/wp-json\/wp\/v2\/types\/page"}],"author":[{"embeddable":true,"href":"https:\/\/eatsjapan.com\/de\/wp-json\/wp\/v2\/users\/1"}],"replies":[{"embeddable":true,"href":"https:\/\/eatsjapan.com\/de\/wp-json\/wp\/v2\/comments?post=9594"}],"version-history":[{"count":0,"href":"https:\/\/eatsjapan.com\/de\/wp-json\/wp\/v2\/pages\/9594\/revisions"}],"wp:attachment":[{"href":"https:\/\/eatsjapan.com\/de\/wp-json\/wp\/v2\/media?parent=9594"}],"curies":[{"name":"wp","href":"https:\/\/api.w.org\/{rel}","templated":true}]}}