{"id":9556,"date":"2024-10-09T04:53:07","date_gmt":"2024-10-09T04:53:07","guid":{"rendered":"https:\/\/mediumslateblue-skunk-198625.hostingersite.com\/dragon\/?page_id=9556"},"modified":"2025-11-10T19:48:03","modified_gmt":"2025-11-10T10:48:03","slug":"shipping-policy","status":"publish","type":"page","link":"https:\/\/eatsjapan.com\/de\/shipping-policy\/","title":{"rendered":"Versandpolitik"},"content":{"rendered":"<h1 class=\"wp-block-heading\"><a href=\"https:\/\/eatsjapan.com\/wp-admin\/post.php?post=9556&amp;action=edit\">Versandpolitik<\/a><\/h1>\n\n\n\n<p>\u00dcber Schifffahrtsunternehmen<\/p>\n\n\n\n<p>Bestellungen, die auf dieser Website aufgegeben werden, werden per Luftfracht mit Fedex, DHL oder EMS Japan Post verschickt.<\/p>\n\n\n\n<h2 class=\"wp-block-heading\">Lieferfrist<\/h2>\n\n\n\n<p>Die Lieferzeiten k\u00f6nnen je nach Zielland variieren.<br>Als allgemeine Sch\u00e4tzung gilt, dass Sendungen in die Vereinigten Staaten, nach Deutschland und Australien in der Regel innerhalb von 5 bis 7 Tagen nach Versand ankommen.<br>In den meisten asiatischen L\u00e4ndern dauert die Zustellung in der Regel etwa 3 bis 5 Tage nach dem Versand.<br>Bitte beachten Sie, dass die tats\u00e4chlichen Lieferzeiten von Land zu Land leicht variieren k\u00f6nnen.<\/p>\n\n\n\n<h2 class=\"wp-block-heading\">Anzahl der Tage bis zum Versand<\/h2>\n\n\n\n<p>Normalerweise 1~3 Tage nach Erhalt Ihrer Bestellung.<\/p>\n\n\n\n<h2 class=\"wp-block-heading\">Bei R\u00fccksendung an den Versandort<\/h2>\n\n\n\n<p>Wenn ein Artikel nach der Lagerzeit nach Japan zur\u00fcckgeschickt wird und Sie ihn erneut versenden m\u00f6chten, werden Ihnen die Versandkosten f\u00fcr die Bestellung in Rechnung gestellt.<br>In diesem Fall k\u00f6nnen Sie zwischen den folgenden beiden Optionen w\u00e4hlen.<\/p>\n\n\n\n<p>1. Senden Sie die Ware zur\u00fcck.<br>Wir werden die Ware wieder an Sie zur\u00fcckschicken. Die Versandkosten gehen zu Lasten des Kunden. Bitte folgen Sie unseren Anweisungen und leisten Sie die Zahlung. Wir werden die Ware erneut versenden, sobald wir Ihre Best\u00e4tigung erhalten haben.<\/p>\n\n\n\n<p>2\u3001Wenn Sie das Produkt nicht zur\u00fccksenden m\u00f6chten<br>Es gibt keine Erstattung.<\/p>\n\n\n\n<p>*Wenn wir innerhalb einer Woche nach der Kontaktaufnahme per E-Mail nichts von Ihnen h\u00f6ren, gehen wir davon aus, dass Sie die Bestellung nicht erneut senden lassen m\u00f6chten. Bitte bedenken Sie dies.<\/p>\n\n\n\n<h2 class=\"wp-block-heading\">Wenn Sie Ihre Bestellung nicht erhalten<\/h2>\n\n\n\n<p>Alle Bestellungen werden mit einer Tracking-Nummer versandt. Sobald Ihr Paket aus Japan versandt wurde, erhalten Sie eine Versandbest\u00e4tigung per E-Mail mit der Tracking-URL.<br>Sollten Sie nach dem Versand Ihrer Bestellung noch Fragen haben, wenden Sie sich bitte an die <strong>Spediteur<\/strong> direkt \u00fcber Ihre Sendungsverfolgungsnummer.<br>Wenn Ihr Paket nicht innerhalb eines Monats nach Versand angekommen ist, kontaktieren Sie uns bitte - wir werden Ihnen eine <strong>100% Erstattung<\/strong>.<\/p>","protected":false},"excerpt":{"rendered":"<p>Shipping policy About Shipping Companies Orders placed on this site will be shipped by air via Fedex, DHL, or EMS<\/p>","protected":false},"author":1,"featured_media":0,"parent":0,"menu_order":0,"comment_status":"closed","ping_status":"closed","template":"","meta":{"footnotes":""},"class_list":["post-9556","page","type-page","status-publish","hentry"],"_links":{"self":[{"href":"https:\/\/eatsjapan.com\/de\/wp-json\/wp\/v2\/pages\/9556","targetHints":{"allow":["GET"]}}],"collection":[{"href":"https:\/\/eatsjapan.com\/de\/wp-json\/wp\/v2\/pages"}],"about":[{"href":"https:\/\/eatsjapan.com\/de\/wp-json\/wp\/v2\/types\/page"}],"author":[{"embeddable":true,"href":"https:\/\/eatsjapan.com\/de\/wp-json\/wp\/v2\/users\/1"}],"replies":[{"embeddable":true,"href":"https:\/\/eatsjapan.com\/de\/wp-json\/wp\/v2\/comments?post=9556"}],"version-history":[{"count":0,"href":"https:\/\/eatsjapan.com\/de\/wp-json\/wp\/v2\/pages\/9556\/revisions"}],"wp:attachment":[{"href":"https:\/\/eatsjapan.com\/de\/wp-json\/wp\/v2\/media?parent=9556"}],"curies":[{"name":"wp","href":"https:\/\/api.w.org\/{rel}","templated":true}]}}