{"id":3,"date":"2024-09-30T14:28:21","date_gmt":"2024-09-30T14:28:21","guid":{"rendered":"https:\/\/mediumslateblue-skunk-198625.hostingersite.com\/dragon\/?page_id=3"},"modified":"2025-11-10T19:52:52","modified_gmt":"2025-11-10T10:52:52","slug":"privacy-policy","status":"publish","type":"page","link":"https:\/\/eatsjapan.com\/de\/privacy-policy\/","title":{"rendered":"Datenschutzbestimmungen"},"content":{"rendered":"<h1 class=\"wp-block-heading\">Datenschutzbestimmungen<\/h1>\n\n\n\n<p>Diese Datenschutzrichtlinie beschreibt, wie EatsJapan (die \u201cWebsite\u201d, \u201cwir\u201d, \u201cuns\u201d oder \u201cunser\u201d) Ihre pers\u00f6nlichen Daten erhebt, verwendet und offenlegt, wenn Sie eatsjapan.com (die \u201cWebsite\u201d) besuchen, unsere Dienstleistungen nutzen, einen Kauf t\u00e4tigen oder anderweitig mit uns in Bezug auf die Website kommunizieren (zusammenfassend die \u201cDienstleistungen\u201d). F\u00fcr die Zwecke dieser Datenschutzrichtlinie bedeutet \u201cSie\u201d und \u201cIhr\u201d Sie als Nutzer der Dienstleistungen, unabh\u00e4ngig davon, ob Sie ein Kunde, ein Besucher der Website oder eine andere Person sind, deren Daten wir gem\u00e4\u00df dieser Datenschutzrichtlinie erfasst haben.<\/p>\n\n\n\n<p>Bitte lesen Sie diese Datenschutzrichtlinie sorgf\u00e4ltig durch.<\/p>\n\n\n\n<h2 class=\"wp-block-heading\">\u00c4nderungen an dieser Datenschutzrichtlinie<\/h2>\n\n\n\n<p>Wir behalten uns vor, diese Datenschutzrichtlinie von Zeit zu Zeit zu aktualisieren, unter anderem, um \u00c4nderungen an unseren Praktiken oder aus anderen betrieblichen, rechtlichen oder regulatorischen Gr\u00fcnden zu ber\u00fccksichtigen. Wir werden die \u00fcberarbeitete Datenschutzrichtlinie auf der Website ver\u00f6ffentlichen, das Datum der letzten Aktualisierung aktualisieren und alle anderen gesetzlich vorgeschriebenen Ma\u00dfnahmen ergreifen.<\/p>\n\n\n\n<h2 class=\"wp-block-heading\">Wie wir Ihre pers\u00f6nlichen Informationen sammeln und verwenden<\/h2>\n\n\n\n<p>Um die Dienste bereitstellen zu k\u00f6nnen, erheben wir personenbezogene Daten \u00fcber Sie aus verschiedenen Quellen und haben dies auch in den letzten 12 Monaten getan, wie im Folgenden beschrieben. Die Informationen, die wir sammeln und verwenden, variieren je nachdem, wie Sie mit uns interagieren.<\/p>\n\n\n\n<p>Zus\u00e4tzlich zu den unten aufgef\u00fchrten spezifischen Verwendungszwecken k\u00f6nnen wir die von uns \u00fcber Sie erfassten Daten verwenden, um mit Ihnen zu kommunizieren, die Dienste bereitzustellen oder zu verbessern, geltenden rechtlichen Verpflichtungen nachzukommen, geltende Nutzungsbedingungen durchzusetzen und die Dienste, unsere Rechte und die Rechte unserer Nutzer oder anderer zu sch\u00fctzen oder zu verteidigen.<\/p>\n\n\n\n<h3 class=\"wp-block-heading\">Welche pers\u00f6nlichen Informationen wir sammeln<\/h3>\n\n\n\n<p>Die Art der pers\u00f6nlichen Daten, die wir \u00fcber Sie erhalten, h\u00e4ngt davon ab, wie Sie mit unserer Website interagieren und unsere Dienste nutzen. Wenn wir den Begriff \u201cpersonenbezogene Daten\u201d verwenden, beziehen wir uns auf Informationen, die Sie identifizieren, sich auf Sie beziehen, Sie beschreiben oder mit Ihnen in Verbindung gebracht werden k\u00f6nnen. In den folgenden Abschnitten werden die Kategorien und spezifischen Arten von personenbezogenen Daten beschrieben, die wir sammeln.<\/p>\n\n\n\n<h3 class=\"wp-block-heading\">Informationen, die wir direkt von Ihnen sammeln<\/h3>\n\n\n\n<p>Zu den Informationen, die Sie uns \u00fcber unsere Dienste direkt \u00fcbermitteln, k\u00f6nnen folgende geh\u00f6ren:<\/p>\n\n\n\n<ul class=\"wp-block-list\">\n<li><strong>Kontaktangaben<\/strong>&nbsp;einschlie\u00dflich Ihres Namens, Ihrer Adresse, Ihrer Telefonnummer und Ihrer E-Mail-Adresse.<\/li>\n\n\n\n<li><strong>Informationen bestellen<\/strong>&nbsp;einschlie\u00dflich Ihres Namens, Ihrer Rechnungsadresse, Ihrer Lieferadresse, Ihrer Zahlungsbest\u00e4tigung, Ihrer E-Mail-Adresse und Ihrer Telefonnummer.<\/li>\n\n\n\n<li><strong>Informationen zum Konto<\/strong>&nbsp;einschlie\u00dflich Ihres Benutzernamens, Ihres Passworts, Ihrer Sicherheitsfragen und anderer Informationen, die der Sicherheit Ihres Kontos dienen.<\/li>\n\n\n\n<li><strong>Informationen zur Kundenbetreuung<\/strong>&nbsp;einschlie\u00dflich der Informationen, die Sie bei der Kommunikation mit uns angeben, z. B. wenn Sie eine Nachricht \u00fcber die Dienste senden.<\/li>\n<\/ul>\n\n\n\n<p>Bei einigen Funktionen der Dienste kann es erforderlich sein, dass Sie uns bestimmte Informationen \u00fcber sich selbst direkt mitteilen. Sie k\u00f6nnen sich daf\u00fcr entscheiden, diese Informationen nicht zur Verf\u00fcgung zu stellen, aber dies kann Sie daran hindern, diese Funktionen zu nutzen oder darauf zuzugreifen.<\/p>\n\n\n\n<h3 class=\"wp-block-heading\">Informationen, die wir \u00fcber Ihre Nutzung sammeln<\/h3>\n\n\n\n<p>Wir k\u00f6nnen auch automatisch bestimmte Informationen \u00fcber Ihre Interaktion mit den Diensten erfassen (\u201c<strong>Verwendungsdaten<\/strong>\u201c). Zu diesem Zweck k\u00f6nnen wir Cookies, Pixel und \u00e4hnliche Technologien verwenden (\u201c<strong>Cookies<\/strong>\u201c). Nutzungsdaten k\u00f6nnen Informationen dar\u00fcber enthalten, wie Sie auf unsere Website und Ihr Konto zugreifen und diese nutzen, einschlie\u00dflich Ger\u00e4teinformationen, Browserinformationen, Informationen \u00fcber Ihre Netzwerkverbindung, Ihre IP-Adresse und andere Informationen \u00fcber Ihre Interaktion mit den Diensten.<\/p>\n\n\n\n<h3 class=\"wp-block-heading\">Informationen, die wir von Drittparteien erhalten<\/h3>\n\n\n\n<p>Schlie\u00dflich k\u00f6nnen wir Informationen \u00fcber Sie von Dritten einholen, einschlie\u00dflich von Verk\u00e4ufern und Dienstleistern, die in unserem Namen Informationen sammeln k\u00f6nnen.<\/p>\n\n\n\n<ul class=\"wp-block-list\">\n<li>Unsere Zahlungsabwickler, die Zahlungsinformationen (z. B. Bankkonto, Kredit- oder Debitkarteninformationen, Rechnungsadresse) sammeln, um Ihre Zahlung zu bearbeiten, um Ihre Bestellungen auszuf\u00fchren und Ihnen die von Ihnen angeforderten Produkte oder Dienstleistungen zu liefern, um unseren Vertrag mit Ihnen zu erf\u00fcllen.<\/li>\n\n\n\n<li>Wenn Sie unsere Website besuchen, von uns gesendete E-Mails \u00f6ffnen oder anklicken oder mit unseren Diensten oder Anzeigen interagieren, k\u00f6nnen wir oder Dritte, mit denen wir zusammenarbeiten, automatisch bestimmte Informationen mit Hilfe von Online-Tracking-Technologien wie Pixeln, Web Beacons, Software Developer Kits, Bibliotheken von Drittanbietern und Cookies erfassen.<\/li>\n<\/ul>\n\n\n\n<p>Alle Informationen, die wir von Dritten erhalten, werden in \u00dcbereinstimmung mit dieser Datenschutzerkl\u00e4rung behandelt. Siehe auch den Abschnitt unten,&nbsp;<em>Websites und Links von Dritten.<\/em><\/p>\n\n\n\n<h3 class=\"wp-block-heading\">Wie wir Ihre pers\u00f6nlichen Informationen verwenden<\/h3>\n\n\n\n<ul class=\"wp-block-list\">\n<li><strong>Bereitstellung von Produkten und Dienstleistungen.<\/strong>&nbsp;Wir verwenden Ihre personenbezogenen Daten, um Ihnen die Dienste zur Verf\u00fcgung zu stellen, um unseren Vertrag mit Ihnen zu erf\u00fcllen, einschlie\u00dflich der Bearbeitung Ihrer Zahlungen, der Ausf\u00fchrung Ihrer Bestellungen, der Versendung von Benachrichtigungen an Sie im Zusammenhang mit Ihrem Konto, Ihren Eink\u00e4ufen, R\u00fccksendungen, Umtausch oder anderen Transaktionen, der Erstellung, Pflege und sonstigen Verwaltung Ihres Kontos, der Organisation des Versands, der Erleichterung von R\u00fccksendungen und Umtausch sowie anderer Merkmale und Funktionen im Zusammenhang mit Ihrem Konto. Wir k\u00f6nnen auch Ihr Einkaufserlebnis verbessern, indem wir Ihr Konto mit anderen Diensten, die Sie nutzen m\u00f6chten, verbinden. In diesem Fall verarbeiten wir Ihre Daten wie in der Datenschutzrichtlinie und der Datenschutzerkl\u00e4rung f\u00fcr Verbraucher dargelegt.<\/li>\n\n\n\n<li><strong>Marketing und Werbung.<\/strong>&nbsp;Wir k\u00f6nnen Ihre pers\u00f6nlichen Daten f\u00fcr Marketing- und Werbezwecke verwenden, z. B. um Marketing-, Werbe- und Promotionsmitteilungen per E-Mail, SMS oder Post zu versenden und um Ihnen Werbung f\u00fcr Produkte oder Dienstleistungen zu zeigen. Dies kann die Verwendung Ihrer pers\u00f6nlichen Daten beinhalten, um die Dienste und die Werbung auf unserer Website und anderen Websites besser auf Sie abzustimmen. Wenn Sie im EWR ans\u00e4ssig sind, ist die Rechtsgrundlage f\u00fcr diese Datenverarbeitungsaktivit\u00e4ten unser berechtigtes Interesse am Verkauf unserer Produkte, gem\u00e4\u00df Art. 6 (1) (f) GDPR.<\/li>\n\n\n\n<li><strong>Sicherheit und Betrugsbek\u00e4mpfung.<\/strong>&nbsp;Wir verwenden Ihre pers\u00f6nlichen Daten, um m\u00f6gliche betr\u00fcgerische, illegale oder b\u00f6swillige Aktivit\u00e4ten aufzudecken, zu untersuchen oder Ma\u00dfnahmen zu ergreifen. Wenn Sie sich entscheiden, die Dienste zu nutzen und ein Konto zu registrieren, sind Sie daf\u00fcr verantwortlich, Ihre Kontodaten sicher aufzubewahren. Wir empfehlen Ihnen dringend, Ihren Benutzernamen, Ihr Passwort oder andere Zugangsdaten nicht an andere Personen weiterzugeben. Wenn Sie glauben, dass Ihr Konto kompromittiert wurde, kontaktieren Sie uns bitte umgehend. Wenn Sie im EWR ans\u00e4ssig sind, ist die Rechtsgrundlage f\u00fcr diese Datenverarbeitungsaktivit\u00e4ten unser berechtigtes Interesse, unsere Website f\u00fcr Sie und andere Kunden sicher zu halten, gem\u00e4\u00df Art. 6 (1) (f) GDPR.<\/li>\n\n\n\n<li><strong>Kommunikation mit Ihnen und Verbesserung der Dienstleistungen.<\/strong>&nbsp;Wir verwenden Ihre pers\u00f6nlichen Daten, um Sie zu unterst\u00fctzen und unsere Dienstleistungen zu verbessern. Dies liegt in unserem berechtigten Interesse, um Ihnen gegen\u00fcber reaktionsschnell zu sein, Ihnen effektive Dienstleistungen zu bieten und unsere Gesch\u00e4ftsbeziehung mit Ihnen gem\u00e4\u00df Art. 6 (1) (f) GDPR.<\/li>\n<\/ul>\n\n\n\n<h2 class=\"wp-block-heading\">Cookies<\/h2>\n\n\n\n<p>Wie viele andere Websites auch, verwenden wir Cookies auf unserer Website. Spezifische Informationen \u00fcber die Cookies, die wir im Zusammenhang mit dem Betrieb unseres Shops verwenden, finden Sie unter&nbsp;<a href=\"https:\/\/woocommerce.com\/document\/woocommerce-cookies\/\" target=\"_blank\" rel=\"noopener\">https:\/\/woocommerce.com\/document\/woocommerce-cookies\/<\/a>.Wir verwenden Cookies, um unsere Website und unsere Dienste zu betreiben und zu verbessern (einschlie\u00dflich der Speicherung Ihrer Aktionen und Pr\u00e4ferenzen), um Analysen durchzuf\u00fchren und die Interaktion der Nutzer mit den Diensten besser zu verstehen (in unserem legitimen Interesse, die Dienste zu verwalten, zu verbessern und zu optimieren). Wir k\u00f6nnen auch Dritten und Dienstleistern gestatten, Cookies auf unserer Website zu verwenden, um die Dienste, Produkte und Werbung auf unserer Website und anderen Websites besser anzupassen.<\/p>\n\n\n\n<p>Die meisten Browser akzeptieren Cookies standardm\u00e4\u00dfig automatisch, aber Sie k\u00f6nnen Ihren Browser so einstellen, dass er Cookies entfernt oder ablehnt. Bitte bedenken Sie, dass das Entfernen oder Blockieren von Cookies Ihre Benutzererfahrung beeintr\u00e4chtigen kann und dazu f\u00fchren kann, dass einige der Dienste, einschlie\u00dflich bestimmter Merkmale und allgemeiner Funktionen, nicht richtig funktionieren oder nicht mehr verf\u00fcgbar sind. Dar\u00fcber hinaus kann das Blockieren von Cookies nicht vollst\u00e4ndig verhindern, dass wir Informationen mit Dritten, wie z. B. unseren Werbepartnern, teilen.<\/p>\n\n\n\n<p>Bitte beachten Sie, dass Ihr Browser zwar die M\u00f6glichkeit bietet, ein \u201cDo-Not-Track\u201d-Signal zu \u00fcbermitteln, dass aber unsere Website wie viele andere Websites nicht daf\u00fcr ausgelegt ist, auf solche Signale zu reagieren. Um mehr \u00fcber \u201cdo not track\u201d-Signale zu erfahren, besuchen Sie bitte&nbsp;<a href=\"http:\/\/www.allaboutdnt.com\/\" target=\"_blank\" rel=\"noreferrer noopener\">http:\/\/www.allaboutdnt.com\/<\/a>.<\/p>\n\n\n\n<h2 class=\"wp-block-heading\">Wie wir pers\u00f6nliche Informationen offenlegen<\/h2>\n\n\n\n<p>Unter bestimmten Umst\u00e4nden k\u00f6nnen wir Ihre pers\u00f6nlichen Daten zu Zwecken der Vertragserf\u00fcllung, zu legitimen Zwecken und aus anderen Gr\u00fcnden, die dieser Datenschutzrichtlinie unterliegen, an Dritte weitergeben. Solche Umst\u00e4nde k\u00f6nnen sein:<\/p>\n\n\n\n<ul class=\"wp-block-list\">\n<li>Mit Anbietern oder anderen Dritten, die in unserem Auftrag Dienstleistungen erbringen (z. B. IT-Management, Zahlungsabwicklung, Datenanalyse, Kundensupport, Cloud-Speicher, Auftragsabwicklung und Versand).<\/li>\n\n\n\n<li>Mit Gesch\u00e4fts- und Marketingpartnern, um Ihnen Dienstleistungen anzubieten und Werbung zu machen. Unsere Gesch\u00e4fts- und Marketingpartner verwenden Ihre Daten in \u00dcbereinstimmung mit ihren eigenen Datenschutzhinweisen.<\/li>\n\n\n\n<li>Wenn Sie uns anweisen, darum bitten oder anderweitig zustimmen, dass wir bestimmte Informationen an Dritte weitergeben, z. B. um Ihnen Produkte zu liefern oder durch Ihre Nutzung von Social-Media-Widgets oder Login-Integrationen, mit Ihrer Zustimmung.<\/li>\n\n\n\n<li>Mit unseren verbundenen Unternehmen oder innerhalb unserer Unternehmensgruppe, in unserem legitimen Interesse, ein erfolgreiches Gesch\u00e4ft zu f\u00fchren.<\/li>\n\n\n\n<li>In Verbindung mit einer gesch\u00e4ftlichen Transaktion wie einer Fusion oder einem Konkurs, zur Erf\u00fcllung geltender rechtlicher Verpflichtungen (einschlie\u00dflich der Beantwortung von Vorladungen, Durchsuchungsbefehlen und \u00e4hnlichen Anfragen), zur Durchsetzung geltender Nutzungsbedingungen und zum Schutz oder zur Verteidigung der Dienste, unserer Rechte und der Rechte unserer Nutzer oder anderer.<\/li>\n<\/ul>\n\n\n\n<p>Wir haben in den vergangenen 12 Monaten die folgenden Kategorien personenbezogener Daten und sensibler personenbezogener Daten \u00fcber Nutzer zu den oben genannten Zwecken offengelegt in&nbsp;<em>\u201cWie wir Ihre pers\u00f6nlichen Daten sammeln und verwenden\u201d<\/em>&nbsp;und&nbsp;<em>\u201cWie wir pers\u00f6nliche Informationen offenlegen\u201d<\/em>:<\/p>\n\n\n\n<figure class=\"wp-block-table\"><table class=\"has-fixed-layout\"><tbody><tr><th>Kategorie<\/th><th>Kategorien von Empf\u00e4ngern<\/th><\/tr><tr><td>Identifikatoren wie grundlegende Kontaktdaten und bestimmte Bestell- und KontoinformationenPersonenbezogene Datenkategorien, die im kalifornischen Gesetz \u00fcber Kundendaten aufgef\u00fchrt sind, wie grundlegende Kontaktdaten und bestimmte Bestell- und KontoinformationenGewerbliche Informationen wie Bestellinformationen, Einkaufsinformationen und KundensupportinformationenInternet- oder andere \u00e4hnliche Netzwerkaktivit\u00e4ten, wie NutzungsdatenGeolokalisierungsdaten wie Standorte, die durch eine IP-Adresse oder andere technische Ma\u00dfnahmen bestimmt werden<\/td><td>Anbieter und Dritte, die in unserem Auftrag Dienstleistungen erbringen (z. B. Internetdienstleister, Zahlungsabwickler, Fulfillment-Partner, Kundenbetreuungspartner und Datenanalyseanbieter)Gesch\u00e4fts- und MarketingpartnerTochtergesellschaften<\/td><\/tr><\/tbody><\/table><\/figure>\n\n\n\n<p>Wir verwenden oder ver\u00f6ffentlichen keine sensiblen pers\u00f6nlichen Daten ohne Ihre Zustimmung oder zu dem Zweck, R\u00fcckschl\u00fcsse auf Ihre Person zu ziehen.<\/p>\n\n\n\n<p>Mit Ihrem Einverst\u00e4ndnis geben wir personenbezogene Daten zum Zweck der Durchf\u00fchrung von Werbe- und Marketingaktivit\u00e4ten wie folgt weiter.<\/p>\n\n\n\n<h2 class=\"wp-block-heading\">Websites und Links von Dritten<\/h2>\n\n\n\n<p>Unsere Website kann Links zu Websites oder anderen Online-Plattformen enthalten, die von Dritten betrieben werden. Wenn Sie Links zu Websites folgen, die nicht mit uns verbunden sind oder von uns kontrolliert werden, sollten Sie deren Datenschutz- und Sicherheitsrichtlinien sowie andere Bedingungen und Konditionen \u00fcberpr\u00fcfen. Wir garantieren nicht und sind nicht verantwortlich f\u00fcr den Datenschutz oder die Sicherheit solcher Websites, einschlie\u00dflich der Genauigkeit, Vollst\u00e4ndigkeit oder Zuverl\u00e4ssigkeit der auf diesen Websites gefundenen Informationen. Informationen, die Sie an \u00f6ffentlichen oder halb\u00f6ffentlichen Orten zur Verf\u00fcgung stellen, einschlie\u00dflich Informationen, die Sie auf Social-Networking-Plattformen von Drittanbietern teilen, k\u00f6nnen auch von anderen Nutzern der Dienste und\/oder Nutzern dieser Plattformen von Drittanbietern eingesehen werden, ohne Einschr\u00e4nkung hinsichtlich ihrer Nutzung durch uns oder einen Dritten. Die Aufnahme solcher Links durch uns bedeutet nicht, dass wir die Inhalte dieser Plattformen oder deren Eigent\u00fcmer oder Betreiber guthei\u00dfen, es sei denn, dies ist in den Diensten angegeben.<\/p>\n\n\n\n<h2 class=\"wp-block-heading\">Daten f\u00fcr Kinder<\/h2>\n\n\n\n<p>Die Dienste sind nicht f\u00fcr die Nutzung durch Kinder gedacht, und wir erfassen wissentlich keine personenbezogenen Daten von Kindern. Wenn Sie die Eltern oder der Vormund eines Kindes sind, das uns seine personenbezogenen Daten zur Verf\u00fcgung gestellt hat, k\u00f6nnen Sie uns unter den unten angegebenen Kontaktdaten kontaktieren, um die L\u00f6schung dieser Daten zu verlangen.<\/p>\n\n\n\n<p>Zum Zeitpunkt des Inkrafttretens dieser Datenschutzrichtlinie haben wir keine Kenntnis davon, dass wir personenbezogene Daten von Personen unter 16 Jahren \u201cweitergeben\u201d oder \u201cverkaufen\u201d (wie diese Begriffe im geltenden Recht definiert sind).<\/p>\n\n\n\n<h2 class=\"wp-block-heading\">Sicherheit und Aufbewahrung Ihrer Informationen<\/h2>\n\n\n\n<p>Bitte beachten Sie, dass keine Sicherheitsma\u00dfnahmen perfekt oder undurchdringlich sind, und wir k\u00f6nnen keine \u201cperfekte Sicherheit\u201d garantieren. Dar\u00fcber hinaus sind alle Informationen, die Sie an uns senden, w\u00e4hrend der \u00dcbertragung m\u00f6glicherweise nicht sicher. Wir empfehlen Ihnen, keine unsicheren Kan\u00e4le zu verwenden, um uns sensible oder vertrauliche Informationen zu \u00fcbermitteln.<\/p>\n\n\n\n<p>Wie lange wir Ihre personenbezogenen Daten aufbewahren, h\u00e4ngt von verschiedenen Faktoren ab, z. B. davon, ob wir die Daten ben\u00f6tigen, um Ihr Konto zu verwalten, die Dienste bereitzustellen, rechtlichen Verpflichtungen nachzukommen, Streitigkeiten beizulegen oder andere geltende Vertr\u00e4ge und Richtlinien durchzusetzen.<\/p>\n\n\n\n<h2 class=\"wp-block-heading\">Ihre Rechte<\/h2>\n\n\n\n<p>Je nachdem, wo Sie wohnen, haben Sie m\u00f6glicherweise einige oder alle der unten aufgef\u00fchrten Rechte in Bezug auf Ihre personenbezogenen Daten. Diese Rechte sind jedoch nicht absolut, sie k\u00f6nnen nur unter bestimmten Umst\u00e4nden gelten, und in bestimmten F\u00e4llen k\u00f6nnen wir Ihre Anfrage ablehnen, soweit dies gesetzlich zul\u00e4ssig ist.<\/p>\n\n\n\n<ul class=\"wp-block-list\">\n<li><strong>Recht auf Zugang \/ Wissen<\/strong>: Sie haben das Recht, Zugang zu den personenbezogenen Daten zu verlangen, die wir \u00fcber Sie gespeichert haben, einschlie\u00dflich der Einzelheiten \u00fcber die Art und Weise, in der wir Ihre Daten verwenden und weitergeben.<\/li>\n\n\n\n<li><strong>Recht auf L\u00f6schen<\/strong>: Sie haben das Recht zu verlangen, dass wir die \u00fcber Sie gespeicherten personenbezogenen Daten l\u00f6schen.<\/li>\n\n\n\n<li><strong>Recht auf Berichtigung<\/strong>: Sie haben das Recht zu verlangen, dass wir unrichtige personenbezogene Daten, die wir \u00fcber Sie gespeichert haben, korrigieren.<\/li>\n\n\n\n<li><strong>Recht auf \u00dcbertragbarkeit<\/strong>: Sie haben das Recht, eine Kopie der personenbezogenen Daten, die wir \u00fcber Sie gespeichert haben, zu erhalten und zu verlangen, dass wir sie unter bestimmten Umst\u00e4nden und mit bestimmten Ausnahmen an einen Dritten weitergeben.<\/li>\n\n\n\n<li><strong>Recht auf Ablehnung des Verkaufs, der Weitergabe oder der gezielten Werbung<\/strong>: Sie haben das Recht, uns anzuweisen, Ihre pers\u00f6nlichen Daten nicht zu \u201cverkaufen\u201d oder \u201cweiterzugeben\u201d oder der Verarbeitung Ihrer pers\u00f6nlichen Daten f\u00fcr Zwecke, die als \u201cgezielte Werbung\u201d im Sinne der geltenden Datenschutzgesetze gelten, zu widersprechen. Bitte beachten Sie, dass wir, wenn Sie unsere Website mit aktiviertem Global Privacy Control Opt-Out-Signal besuchen, dies je nach Ihrem Aufenthaltsort automatisch als Antrag auf Ablehnung des \u201cVerkaufs\u201d oder der \u201cWeitergabe\u201d von Informationen f\u00fcr das Ger\u00e4t und den Browser, mit dem Sie die Website besuchen, behandeln.<\/li>\n\n\n\n<li><strong>Einschr\u00e4nkung der Verarbeitung<\/strong>: Sie haben das Recht, von uns zu verlangen, dass wir die Verarbeitung personenbezogener Daten einstellen oder einschr\u00e4nken.<\/li>\n\n\n\n<li><strong>Entzug der Zustimmung<\/strong>: Wenn wir uns auf die Zustimmung zur Verarbeitung Ihrer personenbezogenen Daten st\u00fctzen, haben Sie das Recht, diese Zustimmung zu widerrufen.<\/li>\n\n\n\n<li><strong>Berufung<\/strong>: Wenn wir die Bearbeitung Ihres Antrags ablehnen, haben Sie das Recht, gegen unsere Entscheidung Widerspruch einzulegen. Sie k\u00f6nnen dies tun, indem Sie direkt auf unsere Ablehnung antworten.<\/li>\n\n\n\n<li><strong>Verwaltung von Kommunikationspr\u00e4ferenzen<\/strong>: Wir k\u00f6nnen Ihnen Werbe-E-Mails schicken, die Sie jederzeit abbestellen k\u00f6nnen, indem Sie die Option \"Abbestellen\" nutzen, die in unseren E-Mails an Sie angezeigt wird. Wenn Sie sich abmelden, k\u00f6nnen wir Ihnen weiterhin nicht werbliche E-Mails schicken, z. B. \u00fcber Ihr Konto oder Ihre Bestellungen.<\/li>\n<\/ul>\n\n\n\n<p>Sie k\u00f6nnen jedes dieser Rechte aus\u00fcben, wenn dies auf unserer Website angegeben ist, oder indem Sie uns \u00fcber die unten angegebenen Kontaktdaten kontaktieren.<\/p>\n\n\n\n<p>Wir werden Sie nicht diskriminieren, wenn Sie eines dieser Rechte wahrnehmen. Es kann sein, dass wir Informationen von Ihnen einholen m\u00fcssen, um Ihre Identit\u00e4t zu \u00fcberpr\u00fcfen, wie z. B. Ihre E-Mail-Adresse oder Kontoinformationen, bevor wir eine inhaltliche Antwort auf die Anfrage geben k\u00f6nnen. In \u00dcbereinstimmung mit den geltenden Gesetzen k\u00f6nnen Sie einen Bevollm\u00e4chtigten benennen, der in Ihrem Namen Anfragen zur Aus\u00fcbung Ihrer Rechte stellt. Bevor wir eine solche Anfrage von einem Bevollm\u00e4chtigten annehmen, verlangen wir, dass der Bevollm\u00e4chtigte nachweist, dass Sie ihn bevollm\u00e4chtigt haben, in Ihrem Namen zu handeln, und wir k\u00f6nnen Sie auffordern, Ihre Identit\u00e4t direkt bei uns zu \u00fcberpr\u00fcfen. Wir werden Ihre Anfrage so schnell wie m\u00f6glich beantworten, wie es das geltende Recht verlangt.<\/p>\n\n\n\n<h2 class=\"wp-block-heading\">Beanstandungen<\/h2>\n\n\n\n<p>Wenn Sie sich dar\u00fcber beschweren m\u00f6chten, wie wir Ihre personenbezogenen Daten verarbeiten, wenden Sie sich bitte an die unten angegebenen Kontaktdaten. Wenn Sie mit unserer Antwort auf Ihre Beschwerde nicht zufrieden sind, haben Sie je nach Ihrem Wohnort das Recht, unsere Entscheidung anzufechten, indem Sie uns unter den unten angegebenen Kontaktdaten kontaktieren oder Ihre Beschwerde bei Ihrer \u00f6rtlichen Datenschutzbeh\u00f6rde einreichen. <\/p>\n\n\n\n<h2 class=\"wp-block-heading\">Internationale Benutzer<\/h2>\n\n\n\n<p>Bitte beachten Sie, dass wir Ihre personenbezogenen Daten au\u00dferhalb des Landes, in dem Sie leben, \u00fcbertragen, speichern und verarbeiten k\u00f6nnen. Ihre personenbezogenen Daten werden auch von Mitarbeitern und Drittanbietern und Partnern in diesen L\u00e4ndern verarbeitet.<\/p>\n\n\n\n<p>Wenn wir Ihre personenbezogenen Daten au\u00dferhalb Europas \u00fcbermitteln, st\u00fctzen wir uns auf anerkannte \u00dcbermittlungsmechanismen wie die Standardvertragsklauseln der Europ\u00e4ischen Kommission oder gleichwertige Vertr\u00e4ge, die von der jeweils zust\u00e4ndigen Beh\u00f6rde des Vereinigten K\u00f6nigreichs herausgegeben werden, es sei denn, die Daten\u00fcbermittlung erfolgt in ein Land, das nachweislich ein angemessenes Schutzniveau bietet.<\/p>\n\n\n\n<h2 class=\"wp-block-heading\">Kontakt<\/h2>\n\n\n\n<p>Sollten Sie Fragen zu unseren Datenschutzpraktiken oder dieser Datenschutzrichtlinie haben, oder wenn Sie eines der Ihnen zustehenden Rechte aus\u00fcben m\u00f6chten, senden Sie uns bitte eine E-Mail an <a href=\"mailto:customer@eatsjapan.com\">customer@eatsjapan.com<\/a>.<\/p>\n\n\n\n<p>Im Sinne der geltenden Datenschutzgesetze und sofern nicht ausdr\u00fccklich anders angegeben, sind wir der f\u00fcr die Datenverarbeitung Verantwortliche f\u00fcr Ihre pers\u00f6nlichen Informationen.<\/p>","protected":false},"excerpt":{"rendered":"<p>Privacy Policy This Privacy Policy describes how EatsJapan (the &#8220;Site&#8221;, &#8220;we&#8221;, &#8220;us&#8221;, or &#8220;our&#8221;) collects, uses, and discloses your personal<\/p>","protected":false},"author":1,"featured_media":0,"parent":0,"menu_order":0,"comment_status":"closed","ping_status":"open","template":"","meta":{"footnotes":""},"class_list":["post-3","page","type-page","status-publish","hentry"],"_links":{"self":[{"href":"https:\/\/eatsjapan.com\/de\/wp-json\/wp\/v2\/pages\/3","targetHints":{"allow":["GET"]}}],"collection":[{"href":"https:\/\/eatsjapan.com\/de\/wp-json\/wp\/v2\/pages"}],"about":[{"href":"https:\/\/eatsjapan.com\/de\/wp-json\/wp\/v2\/types\/page"}],"author":[{"embeddable":true,"href":"https:\/\/eatsjapan.com\/de\/wp-json\/wp\/v2\/users\/1"}],"replies":[{"embeddable":true,"href":"https:\/\/eatsjapan.com\/de\/wp-json\/wp\/v2\/comments?post=3"}],"version-history":[{"count":0,"href":"https:\/\/eatsjapan.com\/de\/wp-json\/wp\/v2\/pages\/3\/revisions"}],"wp:attachment":[{"href":"https:\/\/eatsjapan.com\/de\/wp-json\/wp\/v2\/media?parent=3"}],"curies":[{"name":"wp","href":"https:\/\/api.w.org\/{rel}","templated":true}]}}